{"id":6170,"date":"2024-05-15T17:11:57","date_gmt":"2024-05-15T15:11:57","guid":{"rendered":"https:\/\/glendalaila.ch\/?page_id=6170"},"modified":"2026-03-09T15:25:59","modified_gmt":"2026-03-09T14:25:59","slug":"workshops","status":"publish","type":"page","link":"https:\/\/glendalaila.ch\/en\/workshops\/","title":{"rendered":"Workshops"},"content":{"rendered":"<h2 class=\"wp-block-heading has-text-align-center\">Next events:<\/h2>\n\n\n\n<hr class=\"wp-block-separator has-alpha-channel-opacity\"\/>\n\n\n\n<div class=\"wp-block-cover is-light\"><img loading=\"lazy\" decoding=\"async\" width=\"768\" height=\"1024\" class=\"wp-block-cover__image-background wp-image-7005 size-large\" alt=\"\" src=\"https:\/\/glendalaila.ch\/wp-content\/uploads\/2025\/06\/WhatsApp-Bild-2025-06-02-um-07.55.36_53ddcb72-768x1024.jpg\" data-object-fit=\"cover\" srcset=\"https:\/\/glendalaila.ch\/wp-content\/uploads\/2025\/06\/WhatsApp-Bild-2025-06-02-um-07.55.36_53ddcb72-768x1024.jpg 768w, https:\/\/glendalaila.ch\/wp-content\/uploads\/2025\/06\/WhatsApp-Bild-2025-06-02-um-07.55.36_53ddcb72-225x300.jpg 225w, https:\/\/glendalaila.ch\/wp-content\/uploads\/2025\/06\/WhatsApp-Bild-2025-06-02-um-07.55.36_53ddcb72-1152x1536.jpg 1152w, https:\/\/glendalaila.ch\/wp-content\/uploads\/2025\/06\/WhatsApp-Bild-2025-06-02-um-07.55.36_53ddcb72-9x12.jpg 9w, https:\/\/glendalaila.ch\/wp-content\/uploads\/2025\/06\/WhatsApp-Bild-2025-06-02-um-07.55.36_53ddcb72.jpg 1200w\" sizes=\"auto, (max-width: 768px) 100vw, 768px\" \/><span aria-hidden=\"true\" class=\"wp-block-cover__background has-background-dim\" style=\"background-color:#a69e9c\"><\/span><div class=\"wp-block-cover__inner-container is-layout-constrained wp-block-cover-is-layout-constrained\">\n<p class=\"has-text-align-center has-black-color has-text-color has-link-color has-large-font-size wp-elements-ff4cf291e7b1e510facaa83eff3a68f4\"><a href=\"https:\/\/glendalaila.ch\/en\/calling-earth-medicine\/\" title=\"\">Calling Earth Medicine &#8211; Sing &amp; Dance<\/a><\/p>\n\n\n\n<p class=\"has-text-align-center has-black-color has-text-color has-link-color has-medium-font-size wp-elements-cc8e2ce8a9a3884d88a623e5688ff343\"><strong><strong>Eine Einladung, dem Ruf der Erde zu lauschen.<\/strong><br>Dich zu verwurzeln, zu verk\u00f6rpern und dich \u00fcber Bewegung und Klang mit der Weisheit des Elements <strong>Erde<\/strong> zu verbinden.<\/strong><\/p>\n\n\n\n<p class=\"has-text-align-center has-black-color has-text-color has-link-color wp-elements-7b0e57b1956dae794858d3a538a56d72\">mit Erica Dharana &amp; Glenda Laila<\/p>\n\n\n\n<p class=\"has-text-align-center has-black-color has-text-color has-link-color wp-elements-4ec304b5eb49ca2a6b0526dc11a24aa8\" id=\"https:\/\/glendalaila.ch\/mantra-journey-einfuehrung-ins-nada-yoga\/\"><strong>29. Mai 2026<\/strong><br>in Muhen AG<br><\/p>\n<\/div><\/div>\n\n\n\n<div class=\"wp-block-buttons is-content-justification-center is-layout-flex wp-container-core-buttons-is-layout-16018d1d wp-block-buttons-is-layout-flex\">\n<div class=\"wp-block-button\"><a class=\"wp-block-button__link has-text-color has-background has-link-color wp-element-button\" href=\"https:\/\/glendalaila.ch\/en\/calling-earth-medicine\/\" style=\"color:#002b54;background-color:#cb9763\"><strong>Calling Earth Medicine<\/strong><\/a><\/div>\n<\/div>\n\n\n\n<hr class=\"wp-block-separator has-alpha-channel-opacity\"\/>\n\n\n\n<div class=\"wp-block-cover\"><img loading=\"lazy\" decoding=\"async\" width=\"1024\" height=\"680\" class=\"wp-block-cover__image-background wp-image-7801 size-large\" alt=\"\" src=\"https:\/\/glendalaila.ch\/wp-content\/uploads\/2026\/03\/Erster_Advent_brennende_Kerze_01122013_222-1024x680.jpg\" data-object-fit=\"cover\" srcset=\"https:\/\/glendalaila.ch\/wp-content\/uploads\/2026\/03\/Erster_Advent_brennende_Kerze_01122013_222-1024x680.jpg 1024w, https:\/\/glendalaila.ch\/wp-content\/uploads\/2026\/03\/Erster_Advent_brennende_Kerze_01122013_222-300x199.jpg 300w, https:\/\/glendalaila.ch\/wp-content\/uploads\/2026\/03\/Erster_Advent_brennende_Kerze_01122013_222-768x510.jpg 768w, https:\/\/glendalaila.ch\/wp-content\/uploads\/2026\/03\/Erster_Advent_brennende_Kerze_01122013_222-1536x1021.jpg 1536w, https:\/\/glendalaila.ch\/wp-content\/uploads\/2026\/03\/Erster_Advent_brennende_Kerze_01122013_222-2048x1361.jpg 2048w, https:\/\/glendalaila.ch\/wp-content\/uploads\/2026\/03\/Erster_Advent_brennende_Kerze_01122013_222-18x12.jpg 18w\" sizes=\"auto, (max-width: 1024px) 100vw, 1024px\" \/><span aria-hidden=\"true\" class=\"wp-block-cover__background has-background-dim\" style=\"background-color:#a69e9c\"><\/span><div class=\"wp-block-cover__inner-container is-layout-constrained wp-block-cover-is-layout-constrained\">\n<p class=\"has-text-align-center has-black-color has-text-color has-link-color has-large-font-size wp-elements-00e489271d008e7440723e374e2835ca\"><a href=\"https:\/\/glendalaila.ch\/en\/adventsruhe\/\" title=\"\">Adventsruhe: Yin Yoga &amp; Live Musik<\/a><\/p>\n\n\n\n<p class=\"has-text-align-center has-black-color has-text-color has-link-color has-medium-font-size wp-elements-f2e723b786c95868c94f5d86bf0c128e\"><strong><strong>Yin Yoga &amp; Live Musik zum 1. Advent<\/strong><\/strong><\/p>\n\n\n\n<p class=\"has-text-align-center has-black-color has-text-color has-link-color wp-elements-217ed5852263e1bfa4ac959bc8f03160\">mit Dina De Paola &amp; Glenda Laila<\/p>\n\n\n\n<p class=\"has-text-align-center has-black-color has-text-color has-link-color wp-elements-831de04debebf33861180a3b68cb3fcf\" id=\"https:\/\/glendalaila.ch\/mantra-journey-einfuehrung-ins-nada-yoga\/\"><strong>29. November 2026<\/strong><br>in Thalwil<br><\/p>\n<\/div><\/div>\n\n\n\n<div class=\"wp-block-buttons is-content-justification-center is-layout-flex wp-container-core-buttons-is-layout-16018d1d wp-block-buttons-is-layout-flex\">\n<div class=\"wp-block-button\"><a class=\"wp-block-button__link has-text-color has-background has-link-color wp-element-button\" href=\"https:\/\/glendalaila.ch\/en\/adventsruhe\/\" style=\"color:#002b54;background-color:#cb9763\"><strong>Adventsruhe<\/strong><\/a><\/div>\n<\/div>\n\n\n\n<hr class=\"wp-block-separator has-alpha-channel-opacity\"\/>\n\n\n\n<h5 class=\"wp-block-heading has-text-align-center has-large-font-size\">Co-creation with me?<\/h5>\n\n\n\n<p>Would you like to co-create an event with me? I would be very happy about co-creations <br>Whether it\u2019s yoga with live music, dance and singing, a workshop on womanhood, or shamanic rituals accompanied by my healing music\u2026 I am open to many kinds of collaborations, as long as it feels right between us :-).<\/p>\n\n\n\n<p>I work intuitively and mediumistically, meaning I follow the impulses of my soul and my guides. This allows the exact energies that the participants need in the moment to flow through. My song repertoire includes nearly 200 mantras, healing songs, and original compositions, which I accompany with guitar, Indian harmonium, shamanic drum, or Tibetan singing bowl.<\/p>\n\n\n\n<div class=\"wp-block-buttons is-layout-flex wp-block-buttons-is-layout-flex\">\n<div class=\"wp-block-button\"><a class=\"wp-block-button__link has-text-color has-background has-link-color wp-element-button\" href=\"https:\/\/glendalaila.ch\/en\/preise\/\" style=\"color:#002b54;background-color:#cb9763\"><strong>Prices and contions<\/strong><\/a><\/div>\n<\/div>\n\n\n\n<p class=\"has-medium-font-size\"><strong>Contact me<\/strong> for more details<\/p>\n\n\n<div class=\"wpforms-container wpforms-container-full wpforms-block wpforms-block-f1b21979-0c1a-468d-9d04-5ed758fe111f\" id=\"wpforms-32\"><form id=\"wpforms-form-32\" class=\"wpforms-validate wpforms-form\" data-formid=\"32\" method=\"post\" enctype=\"multipart\/form-data\" action=\"\/en\/wp-json\/wp\/v2\/pages\/6170\" data-token=\"58c67ed4e4ae8df748958f55c38d9019\" data-token-time=\"1776300984\" data-trp-original-action=\"\/en\/wp-json\/wp\/v2\/pages\/6170\"><noscript class=\"wpforms-error-noscript\">Please enable JavaScript in your browser to complete this form.<\/noscript><div class=\"wpforms-field-container\"><div id=\"wpforms-32-field_0-container\" class=\"wpforms-field wpforms-field-name wpforms-one-half wpforms-first\" data-field-id=\"0\"><label class=\"wpforms-field-label\" for=\"wpforms-32-field_0\">Name <span class=\"wpforms-required-label\">*<\/span><\/label><input type=\"text\" id=\"wpforms-32-field_0\" class=\"wpforms-field-large wpforms-field-required\" name=\"wpforms[fields][0]\" placeholder=\"Your Name\" required><\/div><div id=\"wpforms-32-field_3-container\" class=\"wpforms-field wpforms-field-email wpforms-one-half\" data-field-id=\"3\"><label class=\"wpforms-field-label\" for=\"wpforms-32-field_3\">Email <span class=\"wpforms-required-label\">*<\/span><\/label><input type=\"email\" id=\"wpforms-32-field_3\" class=\"wpforms-field-large wpforms-field-required\" name=\"wpforms[fields][3]\" placeholder=\"Your Email\" spellcheck=\"false\" required><\/div><div id=\"wpforms-32-field_4-container\" class=\"wpforms-field wpforms-field-text\" data-field-id=\"4\"><label class=\"wpforms-field-label\" for=\"wpforms-32-field_4\">Subject<\/label><input type=\"text\" id=\"wpforms-32-field_4\" class=\"wpforms-field-large\" name=\"wpforms[fields][4]\" placeholder=\"Subject\" ><\/div><div id=\"wpforms-32-field_2-container\" class=\"wpforms-field wpforms-field-textarea\" data-field-id=\"2\"><label class=\"wpforms-field-label\" for=\"wpforms-32-field_2\">Message <span class=\"wpforms-required-label\">*<\/span><\/label><textarea id=\"wpforms-32-field_2\" class=\"wpforms-field-medium wpforms-field-required\" name=\"wpforms[fields][2]\" placeholder=\"Your Message\" required><\/textarea><\/div><div id=\"wpforms-32-field_5-container\" class=\"wpforms-field wpforms-field-checkbox\" data-field-id=\"5\"><ul id=\"wpforms-32-field_5\"><li class=\"choice-1 depth-1\"><input type=\"checkbox\" id=\"wpforms-32-field_5_1\" name=\"wpforms[fields][5][]\" value=\"Ich m\u00f6chte keine Newsletter erhalten\"  ><label class=\"wpforms-field-label-inline\" for=\"wpforms-32-field_5_1\">I don't want to receive the newsletter<\/label><\/li><\/ul><\/div><\/div><!-- .wpforms-field-container --><div class=\"wpforms-submit-container\" ><input type=\"hidden\" name=\"wpforms[id]\" value=\"32\"><input type=\"hidden\" name=\"page_title\" value=\"\"><input type=\"hidden\" name=\"page_url\" value=\"https:\/\/glendalaila.ch\/en\/wp-json\/wp\/v2\/pages\/6170\"><input type=\"hidden\" name=\"url_referer\" value=\"\"><button type=\"submit\" name=\"wpforms[submit]\" id=\"wpforms-submit-32\" class=\"wpforms-submit\" data-alt-text=\"Sending...\" data-submit-text=\"Senden\" aria-live=\"assertive\" value=\"wpforms-submit\">Send<\/button><\/div><input type=\"hidden\" name=\"trp-form-language\" value=\"en\"\/><\/form><\/div>  <!-- .wpforms-container -->","protected":false},"excerpt":{"rendered":"<p>N\u00e4chste Events Co-Creation mit mir? M\u00f6chtest du einen Event mit mir zusammen gestalten? Ich freue mich sehr \u00fcber Co-Kreationen. Ob Yoga mit live Musik, Tanz und Gesang, ein Workshop mit dem Thema Frau-Sein, schamanische Rituale in Begleitung meiner Heilmusik&#8230; Ich bin offen f\u00fcr ganz viele verschiedene Zusammenarbeiten, solange es sich zwischen uns stimmig anf\u00fchlt :-). <a class=\"read-more\" href=\"https:\/\/glendalaila.ch\/en\/workshops\/\">READ MORE<\/a><\/p>","protected":false},"author":1,"featured_media":0,"parent":0,"menu_order":0,"comment_status":"closed","ping_status":"closed","template":"","meta":{"_monsterinsights_skip_tracking":false,"_monsterinsights_sitenote_active":false,"_monsterinsights_sitenote_note":"","_monsterinsights_sitenote_category":0,"footnotes":""},"class_list":["post-6170","page","type-page","status-publish","hentry"],"aioseo_notices":[],"_links":{"self":[{"href":"https:\/\/glendalaila.ch\/en\/wp-json\/wp\/v2\/pages\/6170","targetHints":{"allow":["GET"]}}],"collection":[{"href":"https:\/\/glendalaila.ch\/en\/wp-json\/wp\/v2\/pages"}],"about":[{"href":"https:\/\/glendalaila.ch\/en\/wp-json\/wp\/v2\/types\/page"}],"author":[{"embeddable":true,"href":"https:\/\/glendalaila.ch\/en\/wp-json\/wp\/v2\/users\/1"}],"replies":[{"embeddable":true,"href":"https:\/\/glendalaila.ch\/en\/wp-json\/wp\/v2\/comments?post=6170"}],"version-history":[{"count":139,"href":"https:\/\/glendalaila.ch\/en\/wp-json\/wp\/v2\/pages\/6170\/revisions"}],"predecessor-version":[{"id":7811,"href":"https:\/\/glendalaila.ch\/en\/wp-json\/wp\/v2\/pages\/6170\/revisions\/7811"}],"wp:attachment":[{"href":"https:\/\/glendalaila.ch\/en\/wp-json\/wp\/v2\/media?parent=6170"}],"curies":[{"name":"wp","href":"https:\/\/api.w.org\/{rel}","templated":true}]}}