{"id":6179,"date":"2024-05-15T17:10:36","date_gmt":"2024-05-15T15:10:36","guid":{"rendered":"https:\/\/glendalaila.ch\/?page_id=6179"},"modified":"2025-04-25T21:01:59","modified_gmt":"2025-04-25T19:01:59","slug":"musik-an-zeremonien","status":"publish","type":"page","link":"https:\/\/glendalaila.ch\/en\/musik-an-zeremonien\/","title":{"rendered":"Music for ceremonies"},"content":{"rendered":"<div class=\"wp-block-columns is-layout-flex wp-container-core-columns-is-layout-9d6595d7 wp-block-columns-is-layout-flex\">\n<div class=\"wp-block-column is-vertically-aligned-top is-layout-flow wp-block-column-is-layout-flow\">\n<h5 class=\"wp-block-heading\">1 - You plan a ceremony<\/h5>\n\n\n\n<h6 class=\"wp-block-heading\">and want to book me?<\/h6>\n<\/div>\n\n\n\n<div class=\"wp-block-column is-layout-flow wp-block-column-is-layout-flow\">\n<h5 class=\"wp-block-heading\">2 - You lead a ceremony<\/h5>\n\n\n\n<h6 class=\"wp-block-heading\">and want to work together?<\/h6>\n<\/div>\n<\/div>\n\n\n\n<figure class=\"wp-block-gallery has-nested-images columns-default is-cropped wp-block-gallery-1 is-layout-flex wp-block-gallery-is-layout-flex\">\n<figure class=\"wp-block-image size-large\"><img decoding=\"async\" data-id=\"6023\" src=\"https:\/\/glendalaila.ch\/wp-content\/uploads\/2023\/09\/GLOW9923-4034-1024x683.jpg\" alt=\"\" class=\"wp-image-6023\"\/><\/figure>\n\n\n\n<figure class=\"wp-block-image size-large\"><img loading=\"lazy\" decoding=\"async\" width=\"1024\" height=\"683\" data-id=\"6390\" src=\"https:\/\/glendalaila.ch\/wp-content\/uploads\/2024\/07\/www.ml-monalisa.com-web-5.jpg\" alt=\"\" class=\"wp-image-6390\" srcset=\"https:\/\/glendalaila.ch\/wp-content\/uploads\/2024\/07\/www.ml-monalisa.com-web-5.jpg 1024w, https:\/\/glendalaila.ch\/wp-content\/uploads\/2024\/07\/www.ml-monalisa.com-web-5-300x200.jpg 300w, https:\/\/glendalaila.ch\/wp-content\/uploads\/2024\/07\/www.ml-monalisa.com-web-5-768x512.jpg 768w, https:\/\/glendalaila.ch\/wp-content\/uploads\/2024\/07\/www.ml-monalisa.com-web-5-18x12.jpg 18w\" sizes=\"auto, (max-width: 1024px) 100vw, 1024px\" \/><\/figure>\n<\/figure>\n\n\n\n<p>It is a great joy for me to accompany ceremonies of all kinds. Most often, life transitions are celebrated ceremonially. I sing at baby blessings, birthdays, weddings, and memorials. I also love to musically accompany cacao ceremonies, sometimes with a Sing Mandala. All of these occasions share one central element for me: love. And that is one of the reasons I do this so wholeheartedly.<\/p>\n\n\n\n<p>I accompany the ceremony with sensitivity and heart. I listen to the impulses of my soul and my guides, allowing exactly the energies that the participants need in the moment to flow.<br>My song repertoire includes nearly 200 mantras, healing songs, and original compositions. I accompany them with guitar, Indian harmonium, shamanic drum, or Tibetan singing bowl.<br>If you have specific song requests, we can gladly look at them together. If it feels right, I would be happy to learn and include them.<\/p>\n\n\n\n<div class=\"wp-block-buttons is-layout-flex wp-block-buttons-is-layout-flex\">\n<div class=\"wp-block-button\"><a class=\"wp-block-button__link has-text-color has-background has-link-color wp-element-button\" href=\"https:\/\/glendalaila.ch\/en\/preise\/\" style=\"color:#002b54;background-color:#cb9763\"><strong>Prices and conditions<\/strong><\/a><\/div>\n<\/div>\n\n\n\n<p class=\"has-medium-font-size\"><strong>Contact me<\/strong> for more details<\/p>\n\n\n<div class=\"wpforms-container wpforms-container-full wpforms-block wpforms-block-c41563a3-aba1-4aec-af71-b73d13940d39\" id=\"wpforms-32\"><form id=\"wpforms-form-32\" class=\"wpforms-validate wpforms-form\" data-formid=\"32\" method=\"post\" enctype=\"multipart\/form-data\" action=\"\/en\/wp-json\/wp\/v2\/pages\/6179\" data-token=\"d02f499bcd45fc8a3881c72049aef640\" data-token-time=\"1777106420\" data-trp-original-action=\"\/en\/wp-json\/wp\/v2\/pages\/6179\"><noscript class=\"wpforms-error-noscript\">Please enable JavaScript in your browser to complete this form.<\/noscript><div class=\"wpforms-field-container\"><div id=\"wpforms-32-field_0-container\" class=\"wpforms-field wpforms-field-name wpforms-one-half wpforms-first\" data-field-id=\"0\"><label class=\"wpforms-field-label\" for=\"wpforms-32-field_0\">Name <span class=\"wpforms-required-label\">*<\/span><\/label><input type=\"text\" id=\"wpforms-32-field_0\" class=\"wpforms-field-large wpforms-field-required\" name=\"wpforms[fields][0]\" placeholder=\"Your Name\" required><\/div><div id=\"wpforms-32-field_3-container\" class=\"wpforms-field wpforms-field-email wpforms-one-half\" data-field-id=\"3\"><label class=\"wpforms-field-label\" for=\"wpforms-32-field_3\">Email <span class=\"wpforms-required-label\">*<\/span><\/label><input type=\"email\" id=\"wpforms-32-field_3\" class=\"wpforms-field-large wpforms-field-required\" name=\"wpforms[fields][3]\" placeholder=\"Your Email\" spellcheck=\"false\" required><\/div><div id=\"wpforms-32-field_4-container\" class=\"wpforms-field wpforms-field-text\" data-field-id=\"4\"><label class=\"wpforms-field-label\" for=\"wpforms-32-field_4\">Subject<\/label><input type=\"text\" id=\"wpforms-32-field_4\" class=\"wpforms-field-large\" name=\"wpforms[fields][4]\" placeholder=\"Subject\" ><\/div><div id=\"wpforms-32-field_2-container\" class=\"wpforms-field wpforms-field-textarea\" data-field-id=\"2\"><label class=\"wpforms-field-label\" for=\"wpforms-32-field_2\">Message <span class=\"wpforms-required-label\">*<\/span><\/label><textarea id=\"wpforms-32-field_2\" class=\"wpforms-field-medium wpforms-field-required\" name=\"wpforms[fields][2]\" placeholder=\"Your Message\" required><\/textarea><\/div><div id=\"wpforms-32-field_5-container\" class=\"wpforms-field wpforms-field-checkbox\" data-field-id=\"5\"><ul id=\"wpforms-32-field_5\"><li class=\"choice-1 depth-1\"><input type=\"checkbox\" id=\"wpforms-32-field_5_1\" name=\"wpforms[fields][5][]\" value=\"Ich m\u00f6chte keine Newsletter erhalten\"  ><label class=\"wpforms-field-label-inline\" for=\"wpforms-32-field_5_1\">I don't want to receive the newsletter<\/label><\/li><\/ul><\/div><\/div><!-- .wpforms-field-container --><div class=\"wpforms-submit-container\" ><input type=\"hidden\" name=\"wpforms[id]\" value=\"32\"><input type=\"hidden\" name=\"page_title\" value=\"\"><input type=\"hidden\" name=\"page_url\" value=\"https:\/\/glendalaila.ch\/en\/wp-json\/wp\/v2\/pages\/6179\"><input type=\"hidden\" name=\"url_referer\" value=\"\"><button type=\"submit\" name=\"wpforms[submit]\" id=\"wpforms-submit-32\" class=\"wpforms-submit\" data-alt-text=\"Sending...\" data-submit-text=\"Senden\" aria-live=\"assertive\" value=\"wpforms-submit\">Send<\/button><\/div><input type=\"hidden\" name=\"trp-form-language\" value=\"en\"\/><\/form><\/div>  <!-- .wpforms-container -->\n\n\n<p><\/p>","protected":false},"excerpt":{"rendered":"<p>1 &#8211; Du planst eine Feier und m\u00f6chtest mich gerne buchen? 2 &#8211; Du bist Zeremonien-Leiter:in und m\u00f6chtest gerne zusammen arbeiten? Es ist mir eine grosse Freude, Zeremonien aller Art zu begleiten. Meistens werden Lebens\u00fcberg\u00e4nge zeremoniell zelebriert. So singe ich bei Baby Blessings, Geburtstagen, Hochzeiten und Trauerfeiern. Aber auch Kakaozeremonien begleite ich liebend gerne musikalisch, <a class=\"read-more\" href=\"https:\/\/glendalaila.ch\/en\/musik-an-zeremonien\/\">READ MORE<\/a><\/p>","protected":false},"author":1,"featured_media":0,"parent":0,"menu_order":0,"comment_status":"closed","ping_status":"closed","template":"","meta":{"_monsterinsights_skip_tracking":false,"_monsterinsights_sitenote_active":false,"_monsterinsights_sitenote_note":"","_monsterinsights_sitenote_category":0,"footnotes":""},"class_list":["post-6179","page","type-page","status-publish","hentry"],"aioseo_notices":[],"_links":{"self":[{"href":"https:\/\/glendalaila.ch\/en\/wp-json\/wp\/v2\/pages\/6179","targetHints":{"allow":["GET"]}}],"collection":[{"href":"https:\/\/glendalaila.ch\/en\/wp-json\/wp\/v2\/pages"}],"about":[{"href":"https:\/\/glendalaila.ch\/en\/wp-json\/wp\/v2\/types\/page"}],"author":[{"embeddable":true,"href":"https:\/\/glendalaila.ch\/en\/wp-json\/wp\/v2\/users\/1"}],"replies":[{"embeddable":true,"href":"https:\/\/glendalaila.ch\/en\/wp-json\/wp\/v2\/comments?post=6179"}],"version-history":[{"count":25,"href":"https:\/\/glendalaila.ch\/en\/wp-json\/wp\/v2\/pages\/6179\/revisions"}],"predecessor-version":[{"id":6915,"href":"https:\/\/glendalaila.ch\/en\/wp-json\/wp\/v2\/pages\/6179\/revisions\/6915"}],"wp:attachment":[{"href":"https:\/\/glendalaila.ch\/en\/wp-json\/wp\/v2\/media?parent=6179"}],"curies":[{"name":"wp","href":"https:\/\/api.w.org\/{rel}","templated":true}]}}