{"id":6709,"date":"2024-11-14T21:37:52","date_gmt":"2024-11-14T20:37:52","guid":{"rendered":"https:\/\/glendalaila.ch\/?page_id=6709"},"modified":"2025-04-25T21:08:00","modified_gmt":"2025-04-25T19:08:00","slug":"mantra-teaching-ytt","status":"publish","type":"page","link":"https:\/\/glendalaila.ch\/en\/mantra-teaching-ytt\/","title":{"rendered":"Mantra Teaching &#8211; YTT"},"content":{"rendered":"<p>Do you offer a Yoga Teacher Training?<br>Would you like to bring in an external specialist for the mantra part?<\/p>\n\n\n\n<p>There are various ways I can support you in your YTT. The following options can be booked individually or combined as you wish:<\/p>\n\n\n<div class=\"wp-block-image\">\n<figure class=\"aligncenter size-large is-resized\"><img loading=\"lazy\" decoding=\"async\" width=\"1024\" height=\"683\" src=\"https:\/\/glendalaila.ch\/wp-content\/uploads\/2024\/05\/GLOW8923-3381-1024x683.jpg\" alt=\"\" class=\"wp-image-6255\" style=\"width:583px;height:auto\" srcset=\"https:\/\/glendalaila.ch\/wp-content\/uploads\/2024\/05\/GLOW8923-3381-1024x683.jpg 1024w, https:\/\/glendalaila.ch\/wp-content\/uploads\/2024\/05\/GLOW8923-3381-300x200.jpg 300w, https:\/\/glendalaila.ch\/wp-content\/uploads\/2024\/05\/GLOW8923-3381-768x512.jpg 768w, https:\/\/glendalaila.ch\/wp-content\/uploads\/2024\/05\/GLOW8923-3381-1536x1024.jpg 1536w, https:\/\/glendalaila.ch\/wp-content\/uploads\/2024\/05\/GLOW8923-3381-2048x1365.jpg 2048w, https:\/\/glendalaila.ch\/wp-content\/uploads\/2024\/05\/GLOW8923-3381-18x12.jpg 18w\" sizes=\"auto, (max-width: 1024px) 100vw, 1024px\" \/><\/figure>\n<\/div>\n\n\n<p><strong>Professional and Experiential Workshop on Mantras<\/strong><br>\u201cI will share 1\u20132 hours of insights on mantras, including practical exercises and demonstrations. I draw from my many years of experience as well as my intensive training in India (see further education). If desired, the session can also include guidance and exercises for freeing the voice and singing tips.<\/p>\n\n\n\n<p><strong>SINGMANDALA<\/strong><br>I offer a Sing Mandala (mantra singing) so that you can directly experience the power of mantras through your own voice and through singing together. The singing circle can be structured either as I usually offer the Sing Mandala, or focused primarily on the mantras that are most important for your YTT.<\/p>\n\n\n\n<p><strong>YOGA WITH LIVE MUSIC<\/strong><br>We offer a yoga class where you teach the asanas and I accompany them musically with mantras and healing songs, allowing the trainees to experience the power of the mantras in a \u2018passive\u2019 way.<\/p>\n\n\n\n<div class=\"wp-block-buttons is-layout-flex wp-block-buttons-is-layout-flex\">\n<div class=\"wp-block-button\"><a class=\"wp-block-button__link has-text-color has-background has-link-color wp-element-button\" href=\"https:\/\/glendalaila.ch\/en\/preise\/\" style=\"color:#002b54;background-color:#cb9763\"><strong>Prices and conditions<\/strong><\/a><\/div>\n<\/div>\n\n\n\n<p class=\"has-medium-font-size\"><strong>Contact me<\/strong> for more details<\/p>\n\n\n<div class=\"wpforms-container wpforms-container-full wpforms-block wpforms-block-9016bb28-4f6e-42bb-bc94-45ec673426fa\" id=\"wpforms-32\"><form id=\"wpforms-form-32\" class=\"wpforms-validate wpforms-form\" data-formid=\"32\" method=\"post\" enctype=\"multipart\/form-data\" action=\"\/en\/wp-json\/wp\/v2\/pages\/6709\" data-token=\"92b6508754dacf389e65d6f3d130046e\" data-token-time=\"1776773983\" data-trp-original-action=\"\/en\/wp-json\/wp\/v2\/pages\/6709\"><noscript class=\"wpforms-error-noscript\">Please enable JavaScript in your browser to complete this form.<\/noscript><div class=\"wpforms-field-container\"><div id=\"wpforms-32-field_0-container\" class=\"wpforms-field wpforms-field-name wpforms-one-half wpforms-first\" data-field-id=\"0\"><label class=\"wpforms-field-label\" for=\"wpforms-32-field_0\">Name <span class=\"wpforms-required-label\">*<\/span><\/label><input type=\"text\" id=\"wpforms-32-field_0\" class=\"wpforms-field-large wpforms-field-required\" name=\"wpforms[fields][0]\" placeholder=\"Your Name\" required><\/div><div id=\"wpforms-32-field_3-container\" class=\"wpforms-field wpforms-field-email wpforms-one-half\" data-field-id=\"3\"><label class=\"wpforms-field-label\" for=\"wpforms-32-field_3\">Email <span class=\"wpforms-required-label\">*<\/span><\/label><input type=\"email\" id=\"wpforms-32-field_3\" class=\"wpforms-field-large wpforms-field-required\" name=\"wpforms[fields][3]\" placeholder=\"Your Email\" spellcheck=\"false\" required><\/div><div id=\"wpforms-32-field_4-container\" class=\"wpforms-field wpforms-field-text\" data-field-id=\"4\"><label class=\"wpforms-field-label\" for=\"wpforms-32-field_4\">Subject<\/label><input type=\"text\" id=\"wpforms-32-field_4\" class=\"wpforms-field-large\" name=\"wpforms[fields][4]\" placeholder=\"Subject\" ><\/div><div id=\"wpforms-32-field_2-container\" class=\"wpforms-field wpforms-field-textarea\" data-field-id=\"2\"><label class=\"wpforms-field-label\" for=\"wpforms-32-field_2\">Message <span class=\"wpforms-required-label\">*<\/span><\/label><textarea id=\"wpforms-32-field_2\" class=\"wpforms-field-medium wpforms-field-required\" name=\"wpforms[fields][2]\" placeholder=\"Your Message\" required><\/textarea><\/div><div id=\"wpforms-32-field_5-container\" class=\"wpforms-field wpforms-field-checkbox\" data-field-id=\"5\"><ul id=\"wpforms-32-field_5\"><li class=\"choice-1 depth-1\"><input type=\"checkbox\" id=\"wpforms-32-field_5_1\" name=\"wpforms[fields][5][]\" value=\"Ich m\u00f6chte keine Newsletter erhalten\"  ><label class=\"wpforms-field-label-inline\" for=\"wpforms-32-field_5_1\">I don't want to receive the newsletter<\/label><\/li><\/ul><\/div><\/div><!-- .wpforms-field-container --><div class=\"wpforms-submit-container\" ><input type=\"hidden\" name=\"wpforms[id]\" value=\"32\"><input type=\"hidden\" name=\"page_title\" value=\"\"><input type=\"hidden\" name=\"page_url\" value=\"https:\/\/glendalaila.ch\/en\/wp-json\/wp\/v2\/pages\/6709\"><input type=\"hidden\" name=\"url_referer\" value=\"\"><button type=\"submit\" name=\"wpforms[submit]\" id=\"wpforms-submit-32\" class=\"wpforms-submit\" data-alt-text=\"Sending...\" data-submit-text=\"Senden\" aria-live=\"assertive\" value=\"wpforms-submit\">Send<\/button><\/div><input type=\"hidden\" name=\"trp-form-language\" value=\"en\"\/><\/form><\/div>  <!-- .wpforms-container -->","protected":false},"excerpt":{"rendered":"<p>Bietest du ein Yoga Teacher Training an?M\u00f6chtest du eine externe Fachperson f\u00fcr den Mantra-Teil herbeiziehen? Es gibt verschiedene M\u00f6glichkeiten, wie ich dich im YTT unterst\u00fctzen kann. Folgende Punkte kannst du einzeln oder beliebig kombinierbar buchen: FACH- und ERFAHRUNGSWORKSHOP \u00fcber MANTRASIch erz\u00e4hle 1-2 Stunden \u00fcber Mantras, inklusive praktische \u00dcbungen und Demonstrationen. Dabei sch\u00f6pfe ich aus meiner <a class=\"read-more\" href=\"https:\/\/glendalaila.ch\/en\/mantra-teaching-ytt\/\">READ MORE<\/a><\/p>","protected":false},"author":1,"featured_media":0,"parent":0,"menu_order":0,"comment_status":"closed","ping_status":"closed","template":"","meta":{"_monsterinsights_skip_tracking":false,"_monsterinsights_sitenote_active":false,"_monsterinsights_sitenote_note":"","_monsterinsights_sitenote_category":0,"footnotes":""},"class_list":["post-6709","page","type-page","status-publish","hentry"],"aioseo_notices":[],"_links":{"self":[{"href":"https:\/\/glendalaila.ch\/en\/wp-json\/wp\/v2\/pages\/6709","targetHints":{"allow":["GET"]}}],"collection":[{"href":"https:\/\/glendalaila.ch\/en\/wp-json\/wp\/v2\/pages"}],"about":[{"href":"https:\/\/glendalaila.ch\/en\/wp-json\/wp\/v2\/types\/page"}],"author":[{"embeddable":true,"href":"https:\/\/glendalaila.ch\/en\/wp-json\/wp\/v2\/users\/1"}],"replies":[{"embeddable":true,"href":"https:\/\/glendalaila.ch\/en\/wp-json\/wp\/v2\/comments?post=6709"}],"version-history":[{"count":3,"href":"https:\/\/glendalaila.ch\/en\/wp-json\/wp\/v2\/pages\/6709\/revisions"}],"predecessor-version":[{"id":6920,"href":"https:\/\/glendalaila.ch\/en\/wp-json\/wp\/v2\/pages\/6709\/revisions\/6920"}],"wp:attachment":[{"href":"https:\/\/glendalaila.ch\/en\/wp-json\/wp\/v2\/media?parent=6709"}],"curies":[{"name":"wp","href":"https:\/\/api.w.org\/{rel}","templated":true}]}}