{"id":6944,"date":"2025-04-27T16:42:34","date_gmt":"2025-04-27T14:42:34","guid":{"rendered":"https:\/\/glendalaila.ch\/?page_id=6944"},"modified":"2026-03-24T21:31:31","modified_gmt":"2026-03-24T20:31:31","slug":"mediales-fernhealing","status":"publish","type":"page","link":"https:\/\/glendalaila.ch\/en\/mediales-fernhealing\/","title":{"rendered":"Energy Healing"},"content":{"rendered":"<p class=\"has-text-align-center\"><strong>Are you seeking support or inner strength for a current issue or during this particular phase of life?<\/strong><br><\/p>\n\n\n\n<p class=\"has-text-align-left\"><strong>A healing session can support and strengthen you in the following areas:<\/strong><\/p>\n\n\n\n<p class=\"has-text-align-left\">\u2981 Strengthening your soul power<br>\u2981 More clarity for your current situation<br>\u2981 Support for the body\u2019s healing processes<br>\u2981 More life energy or renewed vitality<br>\u2981 Support with decisions or uncertainties<br>\u2981 Topics such as friendship, partnership, family, etc.<br>\u2981 A desire for more calm, grounding, and connection<br>\u2981 Releasing old entanglements, wounds, patterns, and more<br>\u2981 and many more<\/p>\n\n\n\n<p>Das Healing unterst\u00fctzt dich in den n\u00e4chsten Schritten deiner Entwicklung, deine Seelenkraft und die Verbindung zu deiner Essenz werden gest\u00e4rkt. Du erh\u00e4lst Impulse und deine Selbstheilungskr\u00e4fte werden aktiviert. Dazu geh\u00f6rt auch, dass was <em>hinter <\/em>der Herausforderung steht, beleuchtet wird.<\/p>\n\n\n\n<p class=\"has-text-align-center\"><\/p>\n\n\n<div class=\"wp-block-image\">\n<figure class=\"aligncenter size-large is-resized\"><img loading=\"lazy\" decoding=\"async\" width=\"1024\" height=\"683\" src=\"https:\/\/glendalaila.ch\/wp-content\/uploads\/2023\/05\/DSC02936-1024x683.jpg\" alt=\"\" class=\"wp-image-5677\" style=\"width:490px;height:auto\" srcset=\"https:\/\/glendalaila.ch\/wp-content\/uploads\/2023\/05\/DSC02936-1024x683.jpg 1024w, https:\/\/glendalaila.ch\/wp-content\/uploads\/2023\/05\/DSC02936-300x200.jpg 300w, https:\/\/glendalaila.ch\/wp-content\/uploads\/2023\/05\/DSC02936-768x512.jpg 768w, https:\/\/glendalaila.ch\/wp-content\/uploads\/2023\/05\/DSC02936-1536x1025.jpg 1536w, https:\/\/glendalaila.ch\/wp-content\/uploads\/2023\/05\/DSC02936-2048x1366.jpg 2048w, https:\/\/glendalaila.ch\/wp-content\/uploads\/2023\/05\/DSC02936-18x12.jpg 18w\" sizes=\"auto, (max-width: 1024px) 100vw, 1024px\" \/><\/figure>\n<\/div>\n\n\n<h6 class=\"wp-block-heading\"><strong>WHAT IS A DISTANT HEALING SESSION?<\/strong><\/h6>\n\n\n\n<p>During a distance healing (trance healing), I enter an altered state of consciousness (trance) and connect with the spirit world. I serve as a channel, allowing healing and loving energies to flow through me to you.<br>These energies always serve your highest good. The spiritual realm always knows exactly what energies you need at any given moment and channels them to you during a healing. This is why every healing is unique.<\/p>\n\n\n\n<h6 class=\"wp-block-heading\"><strong>WHAT IS IT FOR?<\/strong><\/h6>\n\n\n\n<p>An energy healing strengthens your soul power, activates your own healing abilities, and supports you in your personal process and way of being.<br>Your current challenges can be supported, your energy field replenished, and you can receive a boost in your personal growth. The healing energies can benefit your physical, mental, and emotional well-being.<br>It\u2019s possible that messages may come through during a healing. However, the main focus of a healing session is that you receive supportive healing energies.<\/p>\n\n\n\n<h6 class=\"wp-block-heading\"><strong>HOW DOES IT WORK?<\/strong><\/h6>\n\n\n\n<p>I conduct the healing at a mutually agreed-upon time. You can go about your day as usual and don\u2019t need to do anything specific. The energies will reach you when your system is ready to receive them (for example, this might only happen later in the evening, while you\u2019re in bed). The healing energies will not interfere with whatever you are doing at the time.<br>Since the spiritual realm always knows what you need, I don\u2019t need any information about you beforehand other than your full name. Unless, of course, you would like to set a specific intention or focus for the healing. In that case, you are welcome to briefly share the topic with me.<br>Once the healing session has been completed, I will get in touch with you via a voice message, sharing what I was able to see and feel during the healing. In this message, healing energies also flow through my voice once again.<br><strong>Wichtig<\/strong>: konsumiere bitte am Tag des Healings kein Alkohol und keine Drogen. Sollte es dennoch passieren, gib mir bitte Bescheid und wir verschieben das Healing auf einen anderen Tag.<\/p>\n\n\n\n<h6 class=\"wp-block-heading\"><strong>PRICE:<\/strong><\/h6>\n\n\n\n<p><strong>Der Preis f\u00fcr eine Healing ist 66.- CHF.<\/strong><\/p>\n\n\n\n<p><em>If you find yourself in a critical situation and need immediate support but do not have the financial means, please don\u2019t hesitate to reach out to me anyway.<\/em><br><em>In such cases, SOS healings are free of charge or offered on a donation basis.<\/em><\/p>\n\n\n\n<h6 class=\"wp-block-heading\"><strong>DISCLAIMER:<\/strong><\/h6>\n\n\n\n<p>A healing never replaces a visit to a doctor or therapist. It is intended solely as additional energetic support.<br>I do not make healing promises or provide diagnoses.<br>I conduct healings only with the informed consent and personal responsibility of the recipient.<br><\/p>\n\n\n\n<h6 class=\"wp-block-heading\">Non-binding inquiry for a healing:<\/h6>\n\n\n<div class=\"wpforms-container wpforms-container-full wpforms-block wpforms-block-319615f1-65a8-4a01-bf2d-b3acc768ebd2\" id=\"wpforms-32\"><form id=\"wpforms-form-32\" class=\"wpforms-validate wpforms-form\" data-formid=\"32\" method=\"post\" enctype=\"multipart\/form-data\" action=\"\/en\/wp-json\/wp\/v2\/pages\/6944\" data-token=\"92b6508754dacf389e65d6f3d130046e\" data-token-time=\"1776768995\" data-trp-original-action=\"\/en\/wp-json\/wp\/v2\/pages\/6944\"><noscript class=\"wpforms-error-noscript\">Please enable JavaScript in your browser to complete this form.<\/noscript><div class=\"wpforms-field-container\"><div id=\"wpforms-32-field_0-container\" class=\"wpforms-field wpforms-field-name wpforms-one-half wpforms-first\" data-field-id=\"0\"><label class=\"wpforms-field-label\" for=\"wpforms-32-field_0\">Name <span class=\"wpforms-required-label\">*<\/span><\/label><input type=\"text\" id=\"wpforms-32-field_0\" class=\"wpforms-field-large wpforms-field-required\" name=\"wpforms[fields][0]\" placeholder=\"Your Name\" required><\/div><div id=\"wpforms-32-field_3-container\" class=\"wpforms-field wpforms-field-email wpforms-one-half\" data-field-id=\"3\"><label class=\"wpforms-field-label\" for=\"wpforms-32-field_3\">Email <span class=\"wpforms-required-label\">*<\/span><\/label><input type=\"email\" id=\"wpforms-32-field_3\" class=\"wpforms-field-large wpforms-field-required\" name=\"wpforms[fields][3]\" placeholder=\"Your Email\" spellcheck=\"false\" required><\/div><div id=\"wpforms-32-field_4-container\" class=\"wpforms-field wpforms-field-text\" data-field-id=\"4\"><label class=\"wpforms-field-label\" for=\"wpforms-32-field_4\">Subject<\/label><input type=\"text\" id=\"wpforms-32-field_4\" class=\"wpforms-field-large\" name=\"wpforms[fields][4]\" placeholder=\"Subject\" ><\/div><div id=\"wpforms-32-field_2-container\" class=\"wpforms-field wpforms-field-textarea\" data-field-id=\"2\"><label class=\"wpforms-field-label\" for=\"wpforms-32-field_2\">Message <span class=\"wpforms-required-label\">*<\/span><\/label><textarea id=\"wpforms-32-field_2\" class=\"wpforms-field-medium wpforms-field-required\" name=\"wpforms[fields][2]\" placeholder=\"Your Message\" required><\/textarea><\/div><div id=\"wpforms-32-field_5-container\" class=\"wpforms-field wpforms-field-checkbox\" data-field-id=\"5\"><ul id=\"wpforms-32-field_5\"><li class=\"choice-1 depth-1\"><input type=\"checkbox\" id=\"wpforms-32-field_5_1\" name=\"wpforms[fields][5][]\" value=\"Ich m\u00f6chte keine Newsletter erhalten\"  ><label class=\"wpforms-field-label-inline\" for=\"wpforms-32-field_5_1\">I don't want to receive the newsletter<\/label><\/li><\/ul><\/div><\/div><!-- .wpforms-field-container --><div class=\"wpforms-submit-container\" ><input type=\"hidden\" name=\"wpforms[id]\" value=\"32\"><input type=\"hidden\" name=\"page_title\" value=\"\"><input type=\"hidden\" name=\"page_url\" value=\"https:\/\/glendalaila.ch\/en\/wp-json\/wp\/v2\/pages\/6944\"><input type=\"hidden\" name=\"url_referer\" value=\"\"><button type=\"submit\" name=\"wpforms[submit]\" id=\"wpforms-submit-32\" class=\"wpforms-submit\" data-alt-text=\"Sending...\" data-submit-text=\"Senden\" aria-live=\"assertive\" value=\"wpforms-submit\">Send<\/button><\/div><input type=\"hidden\" name=\"trp-form-language\" value=\"en\"\/><\/form><\/div>  <!-- .wpforms-container -->\n\n\n<h6 class=\"wp-block-heading\"><strong>Feedbacks von bisherigen Kund:innen<\/strong><\/h6>\n\n\n\n<p class=\"has-text-align-left\">\ud83d\udc8c &#8222;Ich m\u00f6chte dir von ganzem Herzen danke danke danke sagen f\u00fcr das wudervolle Healing. Deine Sprachnachricht nach dem Healing hat mich sehr ber\u00fcht, ich bin sehr emotional geworden und ich habe wirklich mich selbst gesehen, in dem was du erz\u00e4hlt hast (\u2026). Durch deine Sprachnachricht (und Healing) ist das alles hochgekommen und hat auch eine Erkl\u00e4rung bekommen (\u2026). Ich bin gerade im inneren Winter, wo ich normalerweise nicht so viel Energie habe, und diesmal f\u00fchl ich mich so leicht und energetisch ausgeglichen, was ich sonst nicht so habe. Ich in mir sicher und ich f\u00fchle es in meinem Herzen, dass dies dank deinem Fernhealing ist.&#8220;<\/p>\n\n\n\n<p class=\"has-text-align-left\">\ud83d\udc8c &#8222;Es sprudelt noch gerade so aus mir aus, ich heule nur seit du mir draufgeredet hast und es ber\u00fchrt mich so fest. Ich melde mich sp\u00e4ter gerne bei dir, kann mich gerade nicht ausdr\u00fccken, weil so viel gerade gef\u00fchlt wird und resoniert \ud83d\udc9c von Herzen danke!!!&#8220;<\/p>\n\n\n\n<p class=\"has-text-align-left\">\ud83d\udc8c &#8222;Danke vielmals f\u00fcr dein Healing. Es war mega sch\u00f6n und es hat mich emotional sehr ber\u00fchrt. Ich konnte wirklich Erkenntnisse daraus rausnehmen. Es war sehr spannend, weil ich innerlich Fragen hatte und diese dir nicht mitgeteilt habe und der geistigen Welt vertraut habe. Und es ist so spannend, weil diese Fragen dann jetzt doch im Healing beantwortet wurden. (&#8230;) Es hat mir mega Heilung geschenkt und gest\u00e4rkt. Wie das Herz umarmt und W\u00e4rme in mein Herz gegeben.&#8220;<\/p>\n\n\n\n<p class=\"has-text-align-left\">\ud83d\udc8c &#8222;Das dir \ud83d\ude18\u2764\ufe0f. Es war eine sehr heilsame Heilung \u2764\ufe0f. Ich bin so dankbar.&#8220;<\/p>\n\n\n\n<p class=\"has-text-align-left\">\ud83d\udc8c &#8222;Puhhh, bin immer noch beeindruckt was da durch dich gesandt wurde\ud83d\ude4f. Wirklich eine sch\u00f6ne Arbeit, die du da vollbringen darfst \ud83e\udd70.&#8220;<\/p>\n\n\n\n<p>\ud83d\udc8c &#8222;Danke dir von Herzen so sehr! Es ist bereits ein Wunder passiert &#8211; sie (das Baby, welches das Healing empfangen hat) hat zum ersten Mal einen langen Mittagsschlaf gemacht (ich glaube wirklich genau dann, als du das Healing gemacht hast!!), ich habe mich noch gewundert&#8230; und dann hat sie zum ersten Mal den Nachmittagsschlaf ausgelassen und ist vorher (abends) ganz berhuigt eingeschlafen!&#8220; (das Baby hatte Einschlaf- und Durchschlafschwierigkeiten).<\/p>","protected":false},"excerpt":{"rendered":"<p>W\u00fcnschst du dir Unterst\u00fctzung oder innere St\u00e4rkung bei einem aktuellen Thema oder in dieser bestimmten Lebensphase? Ein Healing kann dich in folgenden Bereichen unterst\u00fctzen und st\u00e4rken: \u2981 St\u00e4rkung deiner Seelenkraft\u2981 Mehr Klarheit in deiner aktuellen Situation\u2981 Unterst\u00fctzung bei Heilprozessen des K\u00f6rpers\u2981 Mehr Lebensenergie oder neuen Schwung\u2981 Unterst\u00fctzung bei Entscheidungen oder Unsicherheiten\u2981 Themen wie Freundschaft, Partnerschaft, <a class=\"read-more\" href=\"https:\/\/glendalaila.ch\/en\/mediales-fernhealing\/\">READ MORE<\/a><\/p>","protected":false},"author":1,"featured_media":0,"parent":0,"menu_order":0,"comment_status":"closed","ping_status":"closed","template":"","meta":{"_monsterinsights_skip_tracking":false,"_monsterinsights_sitenote_active":false,"_monsterinsights_sitenote_note":"","_monsterinsights_sitenote_category":0,"footnotes":""},"class_list":["post-6944","page","type-page","status-publish","hentry"],"aioseo_notices":[],"_links":{"self":[{"href":"https:\/\/glendalaila.ch\/en\/wp-json\/wp\/v2\/pages\/6944","targetHints":{"allow":["GET"]}}],"collection":[{"href":"https:\/\/glendalaila.ch\/en\/wp-json\/wp\/v2\/pages"}],"about":[{"href":"https:\/\/glendalaila.ch\/en\/wp-json\/wp\/v2\/types\/page"}],"author":[{"embeddable":true,"href":"https:\/\/glendalaila.ch\/en\/wp-json\/wp\/v2\/users\/1"}],"replies":[{"embeddable":true,"href":"https:\/\/glendalaila.ch\/en\/wp-json\/wp\/v2\/comments?post=6944"}],"version-history":[{"count":46,"href":"https:\/\/glendalaila.ch\/en\/wp-json\/wp\/v2\/pages\/6944\/revisions"}],"predecessor-version":[{"id":7850,"href":"https:\/\/glendalaila.ch\/en\/wp-json\/wp\/v2\/pages\/6944\/revisions\/7850"}],"wp:attachment":[{"href":"https:\/\/glendalaila.ch\/en\/wp-json\/wp\/v2\/media?parent=6944"}],"curies":[{"name":"wp","href":"https:\/\/api.w.org\/{rel}","templated":true}]}}