{"id":7203,"date":"2025-09-14T18:29:30","date_gmt":"2025-09-14T16:29:30","guid":{"rendered":"https:\/\/glendalaila.ch\/?page_id=7203"},"modified":"2026-03-09T15:12:15","modified_gmt":"2026-03-09T14:12:15","slug":"calling-earth-medicine","status":"publish","type":"page","link":"https:\/\/glendalaila.ch\/en\/calling-earth-medicine\/","title":{"rendered":"Calling Earth Medicine &#8211; Sing &amp; Dance"},"content":{"rendered":"<h6 class=\"wp-block-heading has-text-align-center\"><strong>Eine Einladung, dem Ruf der Erde zu lauschen.<\/strong><br>Dich zu verwurzeln, zu verk\u00f6rpern und dich \u00fcber Bewegung und Klang mit der Weisheit des Elements <strong>Erde<\/strong> zu verbinden.<\/h6>\n\n\n\n<p class=\"has-text-align-center\"><strong>Freitag, 29. Mai<\/strong><br>19:00 &#8211; 21:30 Uhr<br>in Muhen AG <br><em>mit Erica Dharana und Glenda Laila<\/em><\/p>\n\n\n\n<p class=\"has-text-align-center\"><\/p>\n\n\n<div class=\"wp-block-image\">\n<figure class=\"aligncenter is-resized\"><img loading=\"lazy\" decoding=\"async\" width=\"744\" height=\"1024\" src=\"https:\/\/glendalaila.ch\/wp-content\/uploads\/2025\/06\/Ausschnitt-744x1024.jpg\" alt=\"\" class=\"wp-image-7007\" style=\"width:366px;height:auto\" srcset=\"https:\/\/glendalaila.ch\/wp-content\/uploads\/2025\/06\/Ausschnitt-744x1024.jpg 744w, https:\/\/glendalaila.ch\/wp-content\/uploads\/2025\/06\/Ausschnitt-218x300.jpg 218w, https:\/\/glendalaila.ch\/wp-content\/uploads\/2025\/06\/Ausschnitt-768x1058.jpg 768w, https:\/\/glendalaila.ch\/wp-content\/uploads\/2025\/06\/Ausschnitt-9x12.jpg 9w, https:\/\/glendalaila.ch\/wp-content\/uploads\/2025\/06\/Ausschnitt.jpg 817w\" sizes=\"auto, (max-width: 744px) 100vw, 744px\" \/><\/figure>\n<\/div>\n\n\n<p><strong>CALLING EARTH MEDICINE<\/strong> \u00f6ffnet einen Raum, um dich zu erinnern:<br>an deinen K\u00f6rper,<br>an deine Stimme,<br>an die uralte Verbindung zwischen Mensch, Erde und Klang.<\/p>\n\n\n\n<p>In diesem Workshop verweben sich <strong>Elemental Dance<\/strong>, <strong>Mantras<\/strong> und <strong>Medizinlieder<\/strong> zu einem lebendigen, sich wandelnden Ritual. Bewegung und Gesang wechseln sich intuitiv geleitet ab, folgen dem Moment, der Gruppe und dem, was gerade da ist \u2013 mal kraftvoll, mal still, tief verwurzelnd und n\u00e4hrend.<\/p>\n\n\n\n<p><strong>Wir wenden uns in dieser Session dem Element Erde zu<\/strong> \u2013 der Kraft, die uns tr\u00e4gt, n\u00e4hrt und erinnert, dass wir Teil von ihr sind. Erde steht f\u00fcr Verwurzelung, Stabilit\u00e4t und Pr\u00e4senz. F\u00fcr das Ankommen im K\u00f6rper, im Moment, im eigenen Sein.<\/p>\n\n\n\n<p>Durch <strong>Elemental Dance<\/strong> und <strong>gemeinsames Singen<\/strong> \u00f6ffnen wir einen Raum, in dem wir uns bewusst mit dieser erdenden Qualit\u00e4t verbinden. \u00dcber Bewegung sinken wir tiefer in unseren K\u00f6rper, sp\u00fcren Gewicht, Rhythmus und Kontakt zum Boden. \u00dcber Mantras und Medizinlieder, begleitet von verschiedenen Instrumenten, lassen wir die Vibration der Erde durch unsere Stimmen fliessen.<\/p>\n\n\n\n<figure class=\"wp-block-embed is-type-video is-provider-youtube wp-block-embed-youtube\"><div class=\"wp-block-embed__wrapper\">\n<div class=\"lyte-wrapper\" title=\"Calling Earth Medicine - Sing &amp;amp; Dance\" style=\"width:853px;max-width:100%;margin:5px auto;\"><div class=\"lyMe\" id=\"WYL_mDaVNJDS37I\" itemprop=\"video\" itemscope itemtype=\"https:\/\/schema.org\/VideoObject\"><div><meta itemprop=\"thumbnailUrl\" content=\"https:\/\/glendalaila.ch\/wp-content\/plugins\/wp-youtube-lyte\/lyteCache.php?origThumbUrl=https%3A%2F%2Fi.ytimg.com%2Fvi%2FmDaVNJDS37I%2Fhqdefault.jpg\" \/><meta itemprop=\"embedURL\" content=\"https:\/\/www.youtube.com\/embed\/mDaVNJDS37I\" \/><meta itemprop=\"duration\" content=\"PT1M10S\" \/><meta itemprop=\"uploadDate\" content=\"2026-03-09T14:09:24Z\" \/><\/div><div id=\"lyte_mDaVNJDS37I\" data-src=\"https:\/\/glendalaila.ch\/wp-content\/plugins\/wp-youtube-lyte\/lyteCache.php?origThumbUrl=https%3A%2F%2Fi.ytimg.com%2Fvi%2FmDaVNJDS37I%2Fhqdefault.jpg\" class=\"pL\"><div class=\"tC\"><div class=\"tT\" itemprop=\"name\">Calling Earth Medicine - Sing &amp; Dance<\/div><\/div><div class=\"play\"><\/div><div class=\"ctrl\"><div class=\"Lctrl\"><\/div><div class=\"Rctrl\"><\/div><\/div><\/div><noscript><a href=\"https:\/\/youtu.be\/mDaVNJDS37I\" rel=\"nofollow\"><img loading=\"lazy\" decoding=\"async\" src=\"https:\/\/glendalaila.ch\/wp-content\/plugins\/wp-youtube-lyte\/lyteCache.php?origThumbUrl=https%3A%2F%2Fi.ytimg.com%2Fvi%2FmDaVNJDS37I%2F0.jpg\" alt=\"Calling Earth Medicine - Sing &amp;amp; Dance\" width=\"853\" height=\"460\" \/><br \/>Watch this video on YouTube<\/a><\/noscript><meta itemprop=\"description\" content=\"Mit Erica Dharana und Glenda Laila in Muhen AG\"><\/div><\/div><div class=\"lL\" style=\"max-width:100%;width:853px;margin:5px auto;\"><\/div>\n<\/div><\/figure>\n\n\n\n<p><strong>Was dich erwartet:<\/strong><\/p>\n\n\n\n<p>\u2728 <strong>Embodied Dance &amp; Elemental Movement<\/strong><br>Durch Tanz und bewusste Bewegung tauchst du in deinen K\u00f6rper ein und l\u00e4sst Energie wieder in Fluss kommen. Du folgst Impulsen, Rhythmen und inneren Bildern \u2013 ohne Choreografie, ohne richtig oder falsch. Bewegung wird zum Ausdruck deiner inneren Landschaft.<\/p>\n\n\n\n<p>\u2728 <strong>Singen &amp; Stimme als gelebte Medizin<\/strong><br>Gemeinsam singen wir Mantras und Medizinlieder. Deine Stimme darf sich erinnern, wie es sich anf\u00fchlt, frei zu klingen \u2013 getragen von der Gruppe, verbunden mit Atem, Herz und K\u00f6rper. Du musst nichts \u201ek\u00f6nnen\u201c. Deine Stimme ist willkommen, so wie sie ist.<\/p>\n\n\n\n<p>\u2728 <strong>Getragener Raum &amp; Gemeinschaft<\/strong><br>Im gemeinsamen Tanzen und Singen entsteht ein Feld von Verbundenheit \u2013 mit dir selbst, mit den anderen und mit etwas Gr\u00f6sserem. Ein Raum, in dem du dich zeigen darfst und gehalten bist.<\/p>\n\n\n\n<p>\u2728 <strong>Integration &amp; Heilkl\u00e4nge<\/strong><br>Zum Abschluss laden wir dich ein, in die Stille zu sinken. In einer Integrationsphase mit Savasana und heilenden Kl\u00e4ngen darf sich das Erlebte setzen, nachklingen und in deinem System verankern.<\/p>\n\n\n\n<p><strong>F\u00fcr wen ist CALLING EARTH MEDICINE?<\/strong><\/p>\n\n\n\n<p>F\u00fcr alle, die sich \u00fcber K\u00f6rper, Stimme und Pr\u00e4senz tiefer mit sich selbst verbinden m\u00f6chten.<br>Du brauchst keine Vorkenntnisse \u2013 nur die Bereitschaft, dich einzulassen und dir selbst zu begegnen.<\/p>\n\n\n\n<p>Komm, wie du bist.<br>Bewege, was bewegt werden will.<br>Lass deine Stimme klingen.<br><br>\ud83d\udc96 <strong>Energieausgleich f\u00fcr 2,5 Std. transformative Reise:<\/strong><br>CHF 77.00 bar vor Ort, Kreditkarte oder Twint<br>BUDDYRABATT: CHF 133.00 f\u00fcr 2 Seelen \ud83d\ude4f<\/p>\n\n\n\n<p><strong>Bring mit:<\/strong> \u2013come as you are\u2013<br>Offenheit, bequeme Kleidung, etwas Wasser und die Bereitschaft, dich selbst ganz zu sp\u00fcren.<\/p>\n\n\n\n<p>Lass uns gemeinsam in Bewegung und Klang eintauchen \u2013 um das zu erinnern, was du wirklich bist: eine wundervolle, leuchtende Seele, verbunden mit allem.<\/p>\n\n\n\n<p>Wir freuen uns auf dich!<\/p>\n\n\n\n<p><strong>Melde dich jetzt an und sichere dir deinen Platz:<\/strong><\/p>\n\n\n\n<div class=\"wp-block-buttons is-layout-flex wp-block-buttons-is-layout-flex\">\n<div class=\"wp-block-button\"><a class=\"wp-block-button__link has-text-color has-background has-link-color wp-element-button\" href=\"https:\/\/www.erica-fankhauser.ch\/aktuelle-kurse\/embodied-movement-voice-activation\" style=\"color:#002b54;background-color:#cb9763\"><strong>Anmeldung<\/strong><\/a><\/div>\n<\/div>","protected":false},"excerpt":{"rendered":"<p>Eine Einladung, dem Ruf der Erde zu lauschen.Dich zu verwurzeln, zu verk\u00f6rpern und dich \u00fcber Bewegung und Klang mit der Weisheit des Elements Erde zu verbinden. Freitag, 29. Mai19:00 &#8211; 21:30 Uhrin Muhen AG mit Erica Dharana und Glenda Laila CALLING EARTH MEDICINE \u00f6ffnet einen Raum, um dich zu erinnern:an deinen K\u00f6rper,an deine Stimme,an die <a class=\"read-more\" href=\"https:\/\/glendalaila.ch\/en\/calling-earth-medicine\/\">READ MORE<\/a><\/p>","protected":false},"author":1,"featured_media":0,"parent":0,"menu_order":0,"comment_status":"closed","ping_status":"closed","template":"","meta":{"_monsterinsights_skip_tracking":false,"_monsterinsights_sitenote_active":false,"_monsterinsights_sitenote_note":"","_monsterinsights_sitenote_category":0,"footnotes":""},"class_list":["post-7203","page","type-page","status-publish","hentry"],"aioseo_notices":[],"_links":{"self":[{"href":"https:\/\/glendalaila.ch\/en\/wp-json\/wp\/v2\/pages\/7203","targetHints":{"allow":["GET"]}}],"collection":[{"href":"https:\/\/glendalaila.ch\/en\/wp-json\/wp\/v2\/pages"}],"about":[{"href":"https:\/\/glendalaila.ch\/en\/wp-json\/wp\/v2\/types\/page"}],"author":[{"embeddable":true,"href":"https:\/\/glendalaila.ch\/en\/wp-json\/wp\/v2\/users\/1"}],"replies":[{"embeddable":true,"href":"https:\/\/glendalaila.ch\/en\/wp-json\/wp\/v2\/comments?post=7203"}],"version-history":[{"count":10,"href":"https:\/\/glendalaila.ch\/en\/wp-json\/wp\/v2\/pages\/7203\/revisions"}],"predecessor-version":[{"id":7799,"href":"https:\/\/glendalaila.ch\/en\/wp-json\/wp\/v2\/pages\/7203\/revisions\/7799"}],"wp:attachment":[{"href":"https:\/\/glendalaila.ch\/en\/wp-json\/wp\/v2\/media?parent=7203"}],"curies":[{"name":"wp","href":"https:\/\/api.w.org\/{rel}","templated":true}]}}