{"id":7217,"date":"2025-09-14T18:39:58","date_gmt":"2025-09-14T16:39:58","guid":{"rendered":"https:\/\/glendalaila.ch\/?page_id=7217"},"modified":"2025-11-18T21:07:57","modified_gmt":"2025-11-18T20:07:57","slug":"yin-yoga-live-musik-aarau","status":"publish","type":"page","link":"https:\/\/glendalaila.ch\/en\/yin-yoga-live-musik-aarau\/","title":{"rendered":"Yin Yoga &amp; Live Musik in Aarau"},"content":{"rendered":"<p class=\"has-text-align-center\"><strong>Samstag, 22. November<\/strong><br>von 16:00 &#8211; 18:00 Uhr<br>im Aloha Yoga, Aarau<\/p>\n\n\n\n<div class=\"wp-block-media-text is-stacked-on-mobile\"><figure class=\"wp-block-media-text__media\"><img loading=\"lazy\" decoding=\"async\" width=\"1024\" height=\"650\" src=\"https:\/\/glendalaila.ch\/wp-content\/uploads\/2025\/04\/Aloha-Flow4-ausschnitt-1024x650.jpg\" alt=\"\" class=\"wp-image-6860 size-full\" srcset=\"https:\/\/glendalaila.ch\/wp-content\/uploads\/2025\/04\/Aloha-Flow4-ausschnitt-1024x650.jpg 1024w, https:\/\/glendalaila.ch\/wp-content\/uploads\/2025\/04\/Aloha-Flow4-ausschnitt-300x191.jpg 300w, https:\/\/glendalaila.ch\/wp-content\/uploads\/2025\/04\/Aloha-Flow4-ausschnitt-768x488.jpg 768w, https:\/\/glendalaila.ch\/wp-content\/uploads\/2025\/04\/Aloha-Flow4-ausschnitt-18x12.jpg 18w, https:\/\/glendalaila.ch\/wp-content\/uploads\/2025\/04\/Aloha-Flow4-ausschnitt.jpg 1200w\" sizes=\"auto, (max-width: 1024px) 100vw, 1024px\" \/><\/figure><div class=\"wp-block-media-text__content\">\n<p><strong>Ein Yoga- &amp; Mantra-Abend f\u00fcr Herz und Seele<\/strong><\/p>\n\n\n\n<p>An diesem besonderen Abend laden wir dich herzlich ins aloha yoga Studio ein, um in die stille und heilsame Welt des Yin Yoga einzutauchen \u2013 begleitet von der ber\u00fchrenden Live-Musik von Glenda Laila. In dieser achtsamen Yogastunde schenken wir dem K\u00f6rper Raum zum Loslassen, w\u00e4hrend die sanften Kl\u00e4nge von Gesang, Harmonium und feinen Klanginstrumenten dich in eine tiefe Entspannung tragen.<\/p>\n\n\n\n<p>Glenda Lailas Musik wirkt wie Balsam f\u00fcr die Seele und begleitet dich durch eine ruhige, regenerierende Praxis, die dich Schicht f\u00fcr Schicht n\u00e4her zu dir selbst bringt. Der liebevoll gestaltete Raum, die besondere Abendstimmung und die Verbindung von Klang und Bewegung schaffen eine Atmosph\u00e4re, in der du dich ganz fallen lassen kannst.<\/p>\n\n\n\n<p><\/p>\n<\/div><\/div>\n\n\n\n<p><strong>Preis<\/strong>: CHF 65.-<br>Die Bezahlung erfolgt vor Ort nur in <strong>bar<\/strong> (bitte keine Twint- oder Kreditkartenzahlungen). Bis 48 h vor Kursbeginn kannst du den Workshop kostenfrei stornieren, danach wird der Betrag in Rechnung gestellt. Deine Anmeldung ist in jedem Fall verbindlich, bei Krankheit oder Unfall sowie Schwangerschaft muss ein \u00e4rztliches Zeugnis vorgewiesen werden oder du verpflichtest einen Ersatzteilnehmer. aloha yoga Abos k\u00f6nnen nicht angerechnet werden. Mahalo!<\/p>\n\n\n\n<div class=\"wp-block-buttons is-content-justification-center is-layout-flex wp-container-core-buttons-is-layout-16018d1d wp-block-buttons-is-layout-flex\">\n<div class=\"wp-block-button\"><a class=\"wp-block-button__link has-text-color has-background has-link-color wp-element-button\" href=\"https:\/\/www.alohayoga.ch\/2025\/08\/08\/herbst-special-mit-glenda-laila-18-10-2025\/\" style=\"color:#002b54;background-color:#cb9763\"><strong>Anmeldung<\/strong><\/a><\/div>\n<\/div>","protected":false},"excerpt":{"rendered":"<p>Samstag, 22. Novembervon 16:00 &#8211; 18:00 Uhrim Aloha Yoga, Aarau Ein Yoga- &amp; Mantra-Abend f\u00fcr Herz und Seele An diesem besonderen Abend laden wir dich herzlich ins aloha yoga Studio ein, um in die stille und heilsame Welt des Yin Yoga einzutauchen \u2013 begleitet von der ber\u00fchrenden Live-Musik von Glenda Laila. In dieser achtsamen Yogastunde <a class=\"read-more\" href=\"https:\/\/glendalaila.ch\/en\/yin-yoga-live-musik-aarau\/\">READ MORE<\/a><\/p>","protected":false},"author":1,"featured_media":0,"parent":0,"menu_order":0,"comment_status":"closed","ping_status":"closed","template":"","meta":{"_monsterinsights_skip_tracking":false,"_monsterinsights_sitenote_active":false,"_monsterinsights_sitenote_note":"","_monsterinsights_sitenote_category":0,"footnotes":""},"class_list":["post-7217","page","type-page","status-publish","hentry"],"aioseo_notices":[],"_links":{"self":[{"href":"https:\/\/glendalaila.ch\/en\/wp-json\/wp\/v2\/pages\/7217","targetHints":{"allow":["GET"]}}],"collection":[{"href":"https:\/\/glendalaila.ch\/en\/wp-json\/wp\/v2\/pages"}],"about":[{"href":"https:\/\/glendalaila.ch\/en\/wp-json\/wp\/v2\/types\/page"}],"author":[{"embeddable":true,"href":"https:\/\/glendalaila.ch\/en\/wp-json\/wp\/v2\/users\/1"}],"replies":[{"embeddable":true,"href":"https:\/\/glendalaila.ch\/en\/wp-json\/wp\/v2\/comments?post=7217"}],"version-history":[{"count":6,"href":"https:\/\/glendalaila.ch\/en\/wp-json\/wp\/v2\/pages\/7217\/revisions"}],"predecessor-version":[{"id":7396,"href":"https:\/\/glendalaila.ch\/en\/wp-json\/wp\/v2\/pages\/7217\/revisions\/7396"}],"wp:attachment":[{"href":"https:\/\/glendalaila.ch\/en\/wp-json\/wp\/v2\/media?parent=7217"}],"curies":[{"name":"wp","href":"https:\/\/api.w.org\/{rel}","templated":true}]}}