{"id":7219,"date":"2025-09-14T18:41:43","date_gmt":"2025-09-14T16:41:43","guid":{"rendered":"https:\/\/glendalaila.ch\/?page_id=7219"},"modified":"2026-04-18T22:24:46","modified_gmt":"2026-04-18T20:24:46","slug":"kirtan-ceremony","status":"publish","type":"page","link":"https:\/\/glendalaila.ch\/en\/kirtan-ceremony\/","title":{"rendered":"Kirtan &amp; Ceremony"},"content":{"rendered":"<p class=\"has-text-align-center\"><strong>Freitag 3. Juli<\/strong>, 19:00 &#8211; 21:00 Uhr<br><em>mit Prasadini und Glenda Laila<\/em><br>in der Flow Fabrik, Winterthur<\/p>\n\n\n<div class=\"wp-block-image\">\n<figure class=\"aligncenter size-large is-resized\"><img loading=\"lazy\" decoding=\"async\" width=\"1024\" height=\"683\" src=\"https:\/\/glendalaila.ch\/wp-content\/uploads\/2026\/04\/ABC7677-1024x683.jpg\" alt=\"\" class=\"wp-image-7866\" style=\"width:567px;height:auto\" srcset=\"https:\/\/glendalaila.ch\/wp-content\/uploads\/2026\/04\/ABC7677-1024x683.jpg 1024w, https:\/\/glendalaila.ch\/wp-content\/uploads\/2026\/04\/ABC7677-300x200.jpg 300w, https:\/\/glendalaila.ch\/wp-content\/uploads\/2026\/04\/ABC7677-768x512.jpg 768w, https:\/\/glendalaila.ch\/wp-content\/uploads\/2026\/04\/ABC7677-1536x1024.jpg 1536w, https:\/\/glendalaila.ch\/wp-content\/uploads\/2026\/04\/ABC7677-2048x1365.jpg 2048w, https:\/\/glendalaila.ch\/wp-content\/uploads\/2026\/04\/ABC7677-18x12.jpg 18w\" sizes=\"auto, (max-width: 1024px) 100vw, 1024px\" \/><\/figure>\n<\/div>\n\n\n<p><strong>Tauche ein ins Bhakti Yoga \u2013 das Yoga der Hingabe<\/strong><\/p>\n\n\n\n<p>Erlebe, wie das gemeinsame Singen von Mantras dein Herz \u00f6ffnet, dich mit deinem Innersten verbindet und dir Freude sowie inneren Frieden schenkt.<\/p>\n\n\n\n<p>Der Abend beginnt mit einer kleinen <strong>indischen Zeremonie<\/strong>, die den Raum \u00f6ffnet f\u00fcr Pr\u00e4senz, Verbindung und Achtsamkeit. Daraufhin singen wir gemeinsam<strong> Indische Mantras. Abschliessend wird es nochmals eine kleine Zeremonie zur Integration der Energien geben.<\/strong><\/p>\n\n\n\n<p>Prasadini und Glenda Laila begleiten dich mit ihrer Hingabe, ihren Wissensschatz und ihren beiden heilsamen Stimmen. Unterst\u00fctzt von indischen Instrumenten wie dem <strong>Harmonium<\/strong> (melodisch) und der <strong>Mrindangam<\/strong> (perkussiv), erschaffen sie einen musikalischen Raum, in dem Hingabe, Herz\u00f6ffnung und Stille erfahrbar werden.<br><br>Keine Vorkenntnisse oder Gesangserfahrung n\u00f6tig.<\/p>\n\n\n\n<p><strong>Preis<\/strong>: CHF 44.-<\/p>\n\n\n\n<p><strong>Einen Einblick<\/strong> in unser Musizieren: <a href=\"https:\/\/youtube.com\/shorts\/KpMD7eOt3rc?feature=share\">https:\/\/youtube.com\/shorts\/KpMD7eOt3rc?feature=share<\/a><\/p>\n\n\n\n<figure class=\"wp-block-gallery has-nested-images columns-default is-cropped wp-block-gallery-1 is-layout-flex wp-block-gallery-is-layout-flex\">\n<figure class=\"wp-block-image size-large\"><img loading=\"lazy\" decoding=\"async\" width=\"1024\" height=\"683\" data-id=\"7872\" src=\"https:\/\/glendalaila.ch\/wp-content\/uploads\/2026\/04\/ABC7687-1024x683.jpg\" alt=\"\" class=\"wp-image-7872\" srcset=\"https:\/\/glendalaila.ch\/wp-content\/uploads\/2026\/04\/ABC7687-1024x683.jpg 1024w, https:\/\/glendalaila.ch\/wp-content\/uploads\/2026\/04\/ABC7687-300x200.jpg 300w, https:\/\/glendalaila.ch\/wp-content\/uploads\/2026\/04\/ABC7687-768x512.jpg 768w, https:\/\/glendalaila.ch\/wp-content\/uploads\/2026\/04\/ABC7687-1536x1024.jpg 1536w, https:\/\/glendalaila.ch\/wp-content\/uploads\/2026\/04\/ABC7687-2048x1365.jpg 2048w, https:\/\/glendalaila.ch\/wp-content\/uploads\/2026\/04\/ABC7687-18x12.jpg 18w\" sizes=\"auto, (max-width: 1024px) 100vw, 1024px\" \/><\/figure>\n\n\n\n<figure class=\"wp-block-image size-large\"><img loading=\"lazy\" decoding=\"async\" width=\"1024\" height=\"683\" data-id=\"7873\" src=\"https:\/\/glendalaila.ch\/wp-content\/uploads\/2026\/04\/ABC7754-1024x683.jpg\" alt=\"\" class=\"wp-image-7873\" srcset=\"https:\/\/glendalaila.ch\/wp-content\/uploads\/2026\/04\/ABC7754-1024x683.jpg 1024w, https:\/\/glendalaila.ch\/wp-content\/uploads\/2026\/04\/ABC7754-300x200.jpg 300w, https:\/\/glendalaila.ch\/wp-content\/uploads\/2026\/04\/ABC7754-768x512.jpg 768w, https:\/\/glendalaila.ch\/wp-content\/uploads\/2026\/04\/ABC7754-1536x1024.jpg 1536w, https:\/\/glendalaila.ch\/wp-content\/uploads\/2026\/04\/ABC7754-2048x1365.jpg 2048w, https:\/\/glendalaila.ch\/wp-content\/uploads\/2026\/04\/ABC7754-18x12.jpg 18w\" sizes=\"auto, (max-width: 1024px) 100vw, 1024px\" \/><\/figure>\n\n\n\n<figure class=\"wp-block-image size-large\"><img loading=\"lazy\" decoding=\"async\" width=\"1024\" height=\"683\" data-id=\"7870\" src=\"https:\/\/glendalaila.ch\/wp-content\/uploads\/2026\/04\/ABC7708-blurred-1024x683.jpg\" alt=\"\" class=\"wp-image-7870\" srcset=\"https:\/\/glendalaila.ch\/wp-content\/uploads\/2026\/04\/ABC7708-blurred-1024x683.jpg 1024w, https:\/\/glendalaila.ch\/wp-content\/uploads\/2026\/04\/ABC7708-blurred-300x200.jpg 300w, https:\/\/glendalaila.ch\/wp-content\/uploads\/2026\/04\/ABC7708-blurred-768x512.jpg 768w, https:\/\/glendalaila.ch\/wp-content\/uploads\/2026\/04\/ABC7708-blurred-1536x1024.jpg 1536w, https:\/\/glendalaila.ch\/wp-content\/uploads\/2026\/04\/ABC7708-blurred-2048x1365.jpg 2048w, https:\/\/glendalaila.ch\/wp-content\/uploads\/2026\/04\/ABC7708-blurred-18x12.jpg 18w\" sizes=\"auto, (max-width: 1024px) 100vw, 1024px\" \/><\/figure>\n\n\n\n<figure class=\"wp-block-image size-large\"><img loading=\"lazy\" decoding=\"async\" width=\"1024\" height=\"683\" data-id=\"7869\" src=\"https:\/\/glendalaila.ch\/wp-content\/uploads\/2026\/04\/ABC7663-1024x683.jpg\" alt=\"\" class=\"wp-image-7869\" srcset=\"https:\/\/glendalaila.ch\/wp-content\/uploads\/2026\/04\/ABC7663-1024x683.jpg 1024w, https:\/\/glendalaila.ch\/wp-content\/uploads\/2026\/04\/ABC7663-300x200.jpg 300w, https:\/\/glendalaila.ch\/wp-content\/uploads\/2026\/04\/ABC7663-768x512.jpg 768w, https:\/\/glendalaila.ch\/wp-content\/uploads\/2026\/04\/ABC7663-1536x1024.jpg 1536w, https:\/\/glendalaila.ch\/wp-content\/uploads\/2026\/04\/ABC7663-2048x1365.jpg 2048w, https:\/\/glendalaila.ch\/wp-content\/uploads\/2026\/04\/ABC7663-18x12.jpg 18w\" sizes=\"auto, (max-width: 1024px) 100vw, 1024px\" \/><\/figure>\n\n\n\n<figure class=\"wp-block-image size-large\"><img loading=\"lazy\" decoding=\"async\" width=\"1024\" height=\"683\" data-id=\"7871\" src=\"https:\/\/glendalaila.ch\/wp-content\/uploads\/2026\/04\/ABC7723-blurred-1024x683.jpg\" alt=\"\" class=\"wp-image-7871\" srcset=\"https:\/\/glendalaila.ch\/wp-content\/uploads\/2026\/04\/ABC7723-blurred-1024x683.jpg 1024w, https:\/\/glendalaila.ch\/wp-content\/uploads\/2026\/04\/ABC7723-blurred-300x200.jpg 300w, https:\/\/glendalaila.ch\/wp-content\/uploads\/2026\/04\/ABC7723-blurred-768x512.jpg 768w, https:\/\/glendalaila.ch\/wp-content\/uploads\/2026\/04\/ABC7723-blurred-1536x1024.jpg 1536w, https:\/\/glendalaila.ch\/wp-content\/uploads\/2026\/04\/ABC7723-blurred-2048x1365.jpg 2048w, https:\/\/glendalaila.ch\/wp-content\/uploads\/2026\/04\/ABC7723-blurred-18x12.jpg 18w\" sizes=\"auto, (max-width: 1024px) 100vw, 1024px\" \/><\/figure>\n\n\n\n<figure class=\"wp-block-image size-large\"><img loading=\"lazy\" decoding=\"async\" width=\"1024\" height=\"683\" data-id=\"7868\" src=\"https:\/\/glendalaila.ch\/wp-content\/uploads\/2026\/04\/ABC7661-1024x683.jpg\" alt=\"\" class=\"wp-image-7868\" srcset=\"https:\/\/glendalaila.ch\/wp-content\/uploads\/2026\/04\/ABC7661-1024x683.jpg 1024w, https:\/\/glendalaila.ch\/wp-content\/uploads\/2026\/04\/ABC7661-300x200.jpg 300w, https:\/\/glendalaila.ch\/wp-content\/uploads\/2026\/04\/ABC7661-768x512.jpg 768w, https:\/\/glendalaila.ch\/wp-content\/uploads\/2026\/04\/ABC7661-1536x1024.jpg 1536w, https:\/\/glendalaila.ch\/wp-content\/uploads\/2026\/04\/ABC7661-2048x1365.jpg 2048w, https:\/\/glendalaila.ch\/wp-content\/uploads\/2026\/04\/ABC7661-18x12.jpg 18w\" sizes=\"auto, (max-width: 1024px) 100vw, 1024px\" \/><\/figure>\n<\/figure>\n\n\n\n<p><strong>\u00dcber Prasadini:<\/strong><br>Prasadini (Kristin Mayer) ist Diplom-Designerin und Yogalehrerin, und fand ihre Begeisterung f\u00fcr Bhakti-Yoga (den Yogaweg der Hingabe)<br>vor etwa 20 Jahren auf ihrer Reise durch Indien. Seitdem reist sie jedes Jahr f\u00fcr mehrere Monate dorthin, um ihre Praxis zu vertiefen und<br>ihr Studium zu erweitern.<br>Sie hat in verschiedenen Yogaschulen unterrichtet und zwei Jahre lang das Yoga Vidya Zentrum in Frankfurt im Team geleitet.<br>Seit 2013 verbringt sie die Sommermonate auf der Schweibenalp als Pujarini (Priesterin) im Tempel der Einheit und lebt dort in einer<br>Gemeinschaft von 30 Menschen mit einem Permakulturgarten und Seminarbetrieb, wo sie t\u00e4glich die vedischen Rituale im Tempel ausf\u00fchrt<br>und als Priesterin wirkt. Seit 2017 organisiert sie Pilgerreisen im Himalaya sowie Retreats in der Schweiz, um Menschen auf ihrem spirituellen<br>Weg zu begleiten und&nbsp;zu&nbsp;inspirieren.<\/p>\n\n\n\n<p><strong>Melde dich jetzt an und sichere dir deinen Platz:<\/strong><\/p>\n\n\n<div class=\"wpforms-container wpforms-container-full wpforms-block wpforms-block-b893d5b3-3fa1-4d0c-b4d9-5d2b7a60a580\" id=\"wpforms-7878\"><form id=\"wpforms-form-7878\" class=\"wpforms-validate wpforms-form wpforms-ajax-form\" data-formid=\"7878\" method=\"post\" enctype=\"multipart\/form-data\" action=\"\/en\/wp-json\/wp\/v2\/pages\/7219\" data-token=\"1fc26bf80bf1144cd5b02c37804731c7\" data-token-time=\"1776857474\" data-trp-original-action=\"\/en\/wp-json\/wp\/v2\/pages\/7219\"><noscript class=\"wpforms-error-noscript\">Please enable JavaScript in your browser to complete this form.<\/noscript><div class=\"wpforms-field-container\">\t\t<div id=\"wpforms-7878-field_2-container\"\n\t\t\tclass=\"wpforms-field wpforms-field-text\"\n\t\t\tdata-field-type=\"text\"\n\t\t\tdata-field-id=\"2\"\n\t\t\t>\n\t\t\t<label class=\"wpforms-field-label\" for=\"wpforms-7878-field_2\" >f\u00fcr Nachricht E-Mail<\/label>\n\t\t\t<input type=\"text\" id=\"wpforms-7878-field_2\" class=\"wpforms-field-medium\" name=\"wpforms[fields][2]\" >\n\t\t<\/div>\n\t\t<div id=\"wpforms-7878-field_1-container\" class=\"wpforms-field wpforms-field-name\" data-field-id=\"1\"><label class=\"wpforms-field-label\">Name <span class=\"wpforms-required-label\">*<\/span><\/label><div class=\"wpforms-field-row wpforms-field-large\"><div class=\"wpforms-field-row-block wpforms-first wpforms-one-half\"><input type=\"text\" id=\"wpforms-7878-field_1\" class=\"wpforms-field-name-first wpforms-field-required\" name=\"wpforms[fields][1][first]\" required><label for=\"wpforms-7878-field_1\" class=\"wpforms-field-sublabel after\">First<\/label><\/div><div class=\"wpforms-field-row-block wpforms-one-half\"><input type=\"text\" id=\"wpforms-7878-field_1-last\" class=\"wpforms-field-name-last wpforms-field-required\" name=\"wpforms[fields][1][last]\" required><label for=\"wpforms-7878-field_1-last\" class=\"wpforms-field-sublabel after\">Last<\/label><\/div><\/div><\/div><div id=\"wpforms-7878-field_4-container\" class=\"wpforms-field wpforms-field-email\" data-field-id=\"4\"><label class=\"wpforms-field-label\" for=\"wpforms-7878-field_4\">Your E-Mail <span class=\"wpforms-required-label\">*<\/span><\/label><input type=\"email\" id=\"wpforms-7878-field_4\" class=\"wpforms-field-medium wpforms-field-required\" name=\"wpforms[fields][4]\" spellcheck=\"false\" required><\/div><div id=\"wpforms-7878-field_18-container\" class=\"wpforms-field wpforms-field-text\" data-field-id=\"18\"><label class=\"wpforms-field-label\" for=\"wpforms-7878-field_18\">Adresse (Strasse, Hausnummer, PLZ, Ort) <span class=\"wpforms-required-label\">*<\/span><\/label><input type=\"text\" id=\"wpforms-7878-field_18\" class=\"wpforms-field-medium wpforms-field-required\" name=\"wpforms[fields][18]\" required><\/div><div id=\"wpforms-7878-field_19-container\" class=\"wpforms-field wpforms-field-textarea\" data-field-id=\"19\"><label class=\"wpforms-field-label\" for=\"wpforms-7878-field_19\">Deine Nachricht (optional)<\/label><textarea id=\"wpforms-7878-field_19\" class=\"wpforms-field-medium\" name=\"wpforms[fields][19]\" ><\/textarea><\/div><div id=\"wpforms-7878-field_15-container\" class=\"wpforms-field wpforms-field-checkbox\" data-field-id=\"15\"><label class=\"wpforms-field-label\">Hiermit melde ich mich f\u00fcr den Event &quot;Kirtan &amp; Ceremony&quot; vom 3. Juli an. Meine Anmeldung ist verbindlich. <span class=\"wpforms-required-label\">*<\/span><\/label><ul id=\"wpforms-7878-field_15\" class=\"wpforms-field-required\"><li class=\"choice-1 depth-1\"><input type=\"checkbox\" id=\"wpforms-7878-field_15_1\" name=\"wpforms[fields][15][]\" value=\"Ich best\u00e4tige\" required><label class=\"wpforms-field-label-inline\" for=\"wpforms-7878-field_15_1\">I confirm<\/label><\/li><\/ul><\/div><script>\n\t\t\t\t( function() {\n\t\t\t\t\tconst style = document.createElement( 'style' );\n\t\t\t\t\tstyle.appendChild( document.createTextNode( '#wpforms-7878-field_2-container { position: absolute !important; overflow: hidden !important; display: inline !important; height: 1px !important; width: 1px !important; z-index: -1000 !important; padding: 0 !important; } #wpforms-7878-field_2-container input { visibility: hidden; } #wpforms-conversational-form-page #wpforms-7878-field_2-container label { counter-increment: none; }' ) );\n\t\t\t\t\tdocument.head.appendChild( style );\n\t\t\t\t\tdocument.currentScript?.remove();\n\t\t\t\t} )();\n\t\t\t<\/script><\/div><!-- .wpforms-field-container --><div class=\"wpforms-submit-container\" ><input type=\"hidden\" name=\"wpforms[id]\" value=\"7878\"><input type=\"hidden\" name=\"page_title\" value=\"\"><input type=\"hidden\" name=\"page_url\" value=\"https:\/\/glendalaila.ch\/en\/wp-json\/wp\/v2\/pages\/7219\"><input type=\"hidden\" name=\"url_referer\" value=\"\"><button type=\"submit\" name=\"wpforms[submit]\" id=\"wpforms-submit-7878\" class=\"wpforms-submit\" data-alt-text=\"Sending...\" data-submit-text=\"Anmelden\" aria-live=\"assertive\" value=\"wpforms-submit\">Sign up<\/button><img loading=\"lazy\" decoding=\"async\" src=\"https:\/\/glendalaila.ch\/wp-content\/plugins\/wpforms-lite\/assets\/images\/submit-spin.svg\" class=\"wpforms-submit-spinner\" style=\"display: none;\" width=\"26\" height=\"26\" alt=\"Loading\"><\/div><input type=\"hidden\" name=\"trp-form-language\" value=\"en\"\/><\/form><\/div>  <!-- .wpforms-container -->","protected":false},"excerpt":{"rendered":"<p>Freitag 3. Juli, 19:00 &#8211; 21:00 Uhrmit Prasadini und Glenda Lailain der Flow Fabrik, Winterthur Tauche ein ins Bhakti Yoga \u2013 das Yoga der Hingabe Erlebe, wie das gemeinsame Singen von Mantras dein Herz \u00f6ffnet, dich mit deinem Innersten verbindet und dir Freude sowie inneren Frieden schenkt. Der Abend beginnt mit einer kleinen indischen Zeremonie, <a class=\"read-more\" href=\"https:\/\/glendalaila.ch\/en\/kirtan-ceremony\/\">READ MORE<\/a><\/p>","protected":false},"author":1,"featured_media":0,"parent":0,"menu_order":0,"comment_status":"closed","ping_status":"closed","template":"","meta":{"_monsterinsights_skip_tracking":false,"_monsterinsights_sitenote_active":false,"_monsterinsights_sitenote_note":"","_monsterinsights_sitenote_category":0,"footnotes":""},"class_list":["post-7219","page","type-page","status-publish","hentry"],"aioseo_notices":[],"_links":{"self":[{"href":"https:\/\/glendalaila.ch\/en\/wp-json\/wp\/v2\/pages\/7219","targetHints":{"allow":["GET"]}}],"collection":[{"href":"https:\/\/glendalaila.ch\/en\/wp-json\/wp\/v2\/pages"}],"about":[{"href":"https:\/\/glendalaila.ch\/en\/wp-json\/wp\/v2\/types\/page"}],"author":[{"embeddable":true,"href":"https:\/\/glendalaila.ch\/en\/wp-json\/wp\/v2\/users\/1"}],"replies":[{"embeddable":true,"href":"https:\/\/glendalaila.ch\/en\/wp-json\/wp\/v2\/comments?post=7219"}],"version-history":[{"count":17,"href":"https:\/\/glendalaila.ch\/en\/wp-json\/wp\/v2\/pages\/7219\/revisions"}],"predecessor-version":[{"id":7885,"href":"https:\/\/glendalaila.ch\/en\/wp-json\/wp\/v2\/pages\/7219\/revisions\/7885"}],"wp:attachment":[{"href":"https:\/\/glendalaila.ch\/en\/wp-json\/wp\/v2\/media?parent=7219"}],"curies":[{"name":"wp","href":"https:\/\/api.w.org\/{rel}","templated":true}]}}