{"id":7226,"date":"2025-09-14T19:02:09","date_gmt":"2025-09-14T17:02:09","guid":{"rendered":"https:\/\/glendalaila.ch\/?page_id=7226"},"modified":"2026-03-16T15:28:36","modified_gmt":"2026-03-16T14:28:36","slug":"yin-stimme","status":"publish","type":"page","link":"https:\/\/glendalaila.ch\/en\/yin-stimme\/","title":{"rendered":"Yin &amp; Stimme"},"content":{"rendered":"<p class=\"has-text-align-center\"><strong>Sonntag, 5. Mai<\/strong><br>18:00 &#8211; 19:30 Uhr<br>im Yoga Grenzenlos, Kreuzlingen<\/p>\n\n\n<div class=\"wp-block-image\">\n<figure class=\"aligncenter size-large is-resized\"><img loading=\"lazy\" decoding=\"async\" width=\"1024\" height=\"683\" src=\"https:\/\/glendalaila.ch\/wp-content\/uploads\/2025\/09\/ABC6328_resized-1024x683.jpg\" alt=\"\" class=\"wp-image-7229\" style=\"width:580px;height:auto\" srcset=\"https:\/\/glendalaila.ch\/wp-content\/uploads\/2025\/09\/ABC6328_resized-1024x683.jpg 1024w, https:\/\/glendalaila.ch\/wp-content\/uploads\/2025\/09\/ABC6328_resized-300x200.jpg 300w, https:\/\/glendalaila.ch\/wp-content\/uploads\/2025\/09\/ABC6328_resized-768x512.jpg 768w, https:\/\/glendalaila.ch\/wp-content\/uploads\/2025\/09\/ABC6328_resized-1536x1024.jpg 1536w, https:\/\/glendalaila.ch\/wp-content\/uploads\/2025\/09\/ABC6328_resized-2048x1365.jpg 2048w, https:\/\/glendalaila.ch\/wp-content\/uploads\/2025\/09\/ABC6328_resized-18x12.jpg 18w\" sizes=\"auto, (max-width: 1024px) 100vw, 1024px\" \/><\/figure>\n<\/div>\n\n\n<p>Eine spezielle Yin Yoga Klasse mit der K\u00fcnstlerin Glenda Laila und der Yogalehrerin Kinga.<\/p>\n\n\n\n<p>Yin Yoga ist ein erg\u00e4nzender Yogastil zum eher dynamischen und anregenden (Yang) Yoga, welcher heute vorwiegend ge\u00fcbt wird. Er wird auch als &#8222;die andere H\u00e4lfte des Yoga&#8220; genannt. Die Praxis besteht aus \u00fcber mehrere Minuten, passiv gehaltenen Asanas (Yogahaltungen) im Sitzen, Knien oder Liegen, um einen sicheren und positiven &#8222;Stress&#8220; auf das tiefer liegende Bindegewebe (Faszie) auszu\u00fcben. Physisch gesehen regeneriert und mobilisiert dieser moderne Yogastil unsere Gelenke zwischen Knien und Nabelregion. Energetisch gesehen \u00f6ffnet Yin Yoga unsere Meridiane, welche man in den Faszien (Bindegewebe) vermutet. Dies wiederum verbessert den Energiefluss und unterst\u00fctzt das emotionale&nbsp;Gleichgewicht.<\/p>\n\n\n\n<p>Durch die heilsamen Kl\u00e4ngen von Glenda&#8217;s Stimme kannst du dich noch tiefer in die Asanas entspannen und die \u00d6ffnung des feinstofflichen K\u00f6rpers wird energetisch unterst\u00fctzt.<\/p>\n\n\n\n<p><strong>Preis<\/strong>: CHF 35.-<\/p>\n\n\n\n<p><strong>Weitere Daten:<\/strong><br>5. Juli<br>4. Oktober<br>6. Dezember<br><\/p>\n\n\n\n<div class=\"wp-block-buttons is-content-justification-center is-layout-flex wp-container-core-buttons-is-layout-16018d1d wp-block-buttons-is-layout-flex\">\n<div class=\"wp-block-button\"><a class=\"wp-block-button__link has-text-color has-background has-link-color wp-element-button\" href=\"https:\/\/www.yogagrenzenlos.com\/new-events\/2025\/11\/2\/yin-amp-stimme\" style=\"color:#002b54;background-color:#cb9763\"><strong>Anmeldung<\/strong><\/a><\/div>\n<\/div>\n\n\n\n<figure class=\"wp-block-gallery has-nested-images columns-default is-cropped wp-block-gallery-1 is-layout-flex wp-block-gallery-is-layout-flex\">\n<figure class=\"wp-block-image size-large\"><img loading=\"lazy\" decoding=\"async\" width=\"1024\" height=\"683\" data-id=\"7774\" src=\"https:\/\/glendalaila.ch\/wp-content\/uploads\/2026\/03\/ABC6332-1024x683.jpg\" alt=\"\" class=\"wp-image-7774\" srcset=\"https:\/\/glendalaila.ch\/wp-content\/uploads\/2026\/03\/ABC6332-1024x683.jpg 1024w, https:\/\/glendalaila.ch\/wp-content\/uploads\/2026\/03\/ABC6332-300x200.jpg 300w, https:\/\/glendalaila.ch\/wp-content\/uploads\/2026\/03\/ABC6332-768x512.jpg 768w, https:\/\/glendalaila.ch\/wp-content\/uploads\/2026\/03\/ABC6332-1536x1024.jpg 1536w, https:\/\/glendalaila.ch\/wp-content\/uploads\/2026\/03\/ABC6332-2048x1365.jpg 2048w, https:\/\/glendalaila.ch\/wp-content\/uploads\/2026\/03\/ABC6332-18x12.jpg 18w\" sizes=\"auto, (max-width: 1024px) 100vw, 1024px\" \/><\/figure>\n\n\n\n<figure class=\"wp-block-image size-large\"><img loading=\"lazy\" decoding=\"async\" width=\"1024\" height=\"683\" data-id=\"7775\" src=\"https:\/\/glendalaila.ch\/wp-content\/uploads\/2026\/03\/ABC6318-1-1024x683.jpg\" alt=\"\" class=\"wp-image-7775\" srcset=\"https:\/\/glendalaila.ch\/wp-content\/uploads\/2026\/03\/ABC6318-1-1024x683.jpg 1024w, https:\/\/glendalaila.ch\/wp-content\/uploads\/2026\/03\/ABC6318-1-300x200.jpg 300w, https:\/\/glendalaila.ch\/wp-content\/uploads\/2026\/03\/ABC6318-1-768x512.jpg 768w, https:\/\/glendalaila.ch\/wp-content\/uploads\/2026\/03\/ABC6318-1-1536x1024.jpg 1536w, https:\/\/glendalaila.ch\/wp-content\/uploads\/2026\/03\/ABC6318-1-2048x1365.jpg 2048w, https:\/\/glendalaila.ch\/wp-content\/uploads\/2026\/03\/ABC6318-1-18x12.jpg 18w\" sizes=\"auto, (max-width: 1024px) 100vw, 1024px\" \/><\/figure>\n<\/figure>\n\n\n\n<p>Alle hier verwendete Fotos stammen vom Yoga Discovery Festival.<\/p>","protected":false},"excerpt":{"rendered":"<p>Sonntag, 5. Mai18:00 &#8211; 19:30 Uhrim Yoga Grenzenlos, Kreuzlingen Eine spezielle Yin Yoga Klasse mit der K\u00fcnstlerin Glenda Laila und der Yogalehrerin Kinga. Yin Yoga ist ein erg\u00e4nzender Yogastil zum eher dynamischen und anregenden (Yang) Yoga, welcher heute vorwiegend ge\u00fcbt wird. Er wird auch als &#8222;die andere H\u00e4lfte des Yoga&#8220; genannt. Die Praxis besteht aus <a class=\"read-more\" href=\"https:\/\/glendalaila.ch\/en\/yin-stimme\/\">READ MORE<\/a><\/p>","protected":false},"author":1,"featured_media":0,"parent":0,"menu_order":0,"comment_status":"closed","ping_status":"closed","template":"","meta":{"_monsterinsights_skip_tracking":false,"_monsterinsights_sitenote_active":false,"_monsterinsights_sitenote_note":"","_monsterinsights_sitenote_category":0,"footnotes":""},"class_list":["post-7226","page","type-page","status-publish","hentry"],"aioseo_notices":[],"_links":{"self":[{"href":"https:\/\/glendalaila.ch\/en\/wp-json\/wp\/v2\/pages\/7226","targetHints":{"allow":["GET"]}}],"collection":[{"href":"https:\/\/glendalaila.ch\/en\/wp-json\/wp\/v2\/pages"}],"about":[{"href":"https:\/\/glendalaila.ch\/en\/wp-json\/wp\/v2\/types\/page"}],"author":[{"embeddable":true,"href":"https:\/\/glendalaila.ch\/en\/wp-json\/wp\/v2\/users\/1"}],"replies":[{"embeddable":true,"href":"https:\/\/glendalaila.ch\/en\/wp-json\/wp\/v2\/comments?post=7226"}],"version-history":[{"count":11,"href":"https:\/\/glendalaila.ch\/en\/wp-json\/wp\/v2\/pages\/7226\/revisions"}],"predecessor-version":[{"id":7830,"href":"https:\/\/glendalaila.ch\/en\/wp-json\/wp\/v2\/pages\/7226\/revisions\/7830"}],"wp:attachment":[{"href":"https:\/\/glendalaila.ch\/en\/wp-json\/wp\/v2\/media?parent=7226"}],"curies":[{"name":"wp","href":"https:\/\/api.w.org\/{rel}","templated":true}]}}