{"id":7357,"date":"2025-11-18T20:04:49","date_gmt":"2025-11-18T19:04:49","guid":{"rendered":"https:\/\/glendalaila.ch\/?page_id=7357"},"modified":"2025-11-19T11:37:24","modified_gmt":"2025-11-19T10:37:24","slug":"root-connect","status":"publish","type":"page","link":"https:\/\/glendalaila.ch\/en\/root-connect\/","title":{"rendered":"Root &amp; Connect"},"content":{"rendered":"<h5 class=\"wp-block-heading has-text-align-center\"><br><br><br><strong>Cacaoliebe, R\u00e4uchermagie und Singfreude<\/strong><\/h5>\n\n\n\n<p class=\"has-text-align-center\"><strong>Sonntag, 7. Dezember<\/strong><br>11:00 &#8211; 13:15 Uhr<strong><br>in Luzern<\/strong><\/p>\n\n\n\n<p>Sp\u00fcre deine Wurzeln, die tief in deinem Sein verankert sind. Verbinde dich mit deinem Herz und f\u00fchle die Liebe, die du bist.<\/p>\n\n\n\n<p>Francesca und Glenda Laila leiten dich durch einen transformierenden Vormittag, mit zeremoniellen Cacao, Ausr\u00e4ucherung und gemeinsamen Singen.<br>Die liebevolle Pr\u00e4senz der Heilpflanze Cacao f\u00fchrt dich in eine sanfte Herz\u00f6ffnung. Du wirst weicher, empf\u00e4nglicher und f\u00fchlst dich dabei getragen. Gef\u00fchle d\u00fcrfen fliessen und du findest zur\u00fcck zu deinen inneren Wurzeln.<br>Mit diesem weichen, offenen Herzen kannst du loslassen, was dir nicht mehr dient und dich auf deinem Weg behindert. Du empf\u00e4ngst eine energetische Reinigung durch Ausr\u00e4uchern (Francesca) und begleitenden Heilkl\u00e4ngen (Glenda Laila).<br>Das gemeinsame Singen st\u00e4rkt anschliessend deine Herz\u00f6ffnung, unterst\u00fctzt dich in der Verbindung zu dir selbst und aktiviert deine eigenen Heilkr\u00e4fte.<br>Durch die Herz\u00f6ffnung, Reinigung und Aktivierung erh\u00e4ltst du neue Vitalit\u00e4t und eine tiefere Verbindung zu deinen inneren Wurzeln und zum Strahlen deines Herzens.<\/p>\n\n\n\n<p><strong>Cacaoliebe<\/strong><br>Zeremonieller Kakao ist eine minimal verarbeitete Form von Kakao, schonend fermentiert und ohne Zusatzstoffe. Er wird traditionell in Ritualen verwendet, oft in Mittel- und S\u00fcdamerika.<br>Auf k\u00f6rperlicher Ebene wirkt Cacao wachmachend, verbessert die Durchblutung, ist stimmungsaufhellend und sehr n\u00e4hrstoffreich (Magnesium, Eisen, Antioxidantien, uvm). Auf emotionaler Ebene f\u00fchrt dich Cacao in die innere Ruhe, erm\u00f6glicht eine Herz\u00f6ffnung und somit einen tiefen Zugang zu deinen Gef\u00fchlen. Cacao kann auch deinen Zugang zur Intuition verfeinern, dir ein Gef\u00fchl der Verbundenheit schenken und die Kreativit\u00e4t in dir wecken.<\/p>\n\n\n\n<p><strong>R\u00e4uchermagie<\/strong><br>Ausr\u00e4uchern ist ein uraltes Ritual, das in vielen Kulturen vorkommt \u2013 z. B. bei indigenen Gemeinschaften Amerikas, im Alpenraum, in Asien und im Mittelmeerraum. Francesca stellt ihre eigenen R\u00e4uchermischungen her, die sie bei diesem Ritual verwendet.<br>Beim R\u00e4uchern entstehen Duftstoffe, die auf den Raum und die Sinne wirken. Der menschliche Geruchssinn ist einzigartig, weil er als einziger Sinn ohne \u201eZwischenstopp\u201c direkt ins limbische System des Gehirns f\u00fchrt \u2013 also dorthin, wo Emotionen, Motivation und Erinnerungen verarbeitet werden. Geruchssignale gelangen \u00fcber den Nervus olfactorius in den Bulbus olfactorius (Riechkolben), und von dort direkt an die Amygdala (Zentrum f\u00fcr Gef\u00fchle, Stressreaktion, Angst, Sicherheit), den Hippocampus (Zentrum f\u00fcr Erinnerungen und Lernen) und den Hypothalamus (Steuert Hormone, Puls, Atmung, Stresssysteme). Jede R\u00e4ucherpflanze wirkt anders: beruhigend, aktivierend, reinigend, tr\u00f6stend, usw.<br>Der Rauch ist mehr als nur Tr\u00e4ger von Duftstoffen. Er erzeugt eine besondere Wirkung auf Wahrnehmung, Psyche und Atmosph\u00e4re und wirkt energetisch sehr reinigend.<\/p>\n\n\n\n<p><strong>Singfreude<\/strong><br>Gemeinsames Singen ist eine der \u00e4ltesten menschlichen Praktiken. Beim Singen verl\u00e4ngert sich automatisch die Ausatmung. Das aktiviert den Vagusnerv, was zur Entspannung, Ruhe und Sicherheit beitr\u00e4gt. Singen erh\u00f6ht Dopamin (Motivation, Freude), Endorphine (nat\u00fcrliche Gl\u00fccksgef\u00fchle), Oxytocin (Bindung, Vertrauen, Geborgenheit). Beim gemeinsamen Singen gleichen sich Atemrhythmen an und die Gehirnwellen k\u00f6nnen sich synchronisieren. Das erzeugt ein Gef\u00fchl von Verbundenheit, das tief im Menschen verankert ist. Wir singen Mantras, Medizin- und Herzenslieder. Diese Lieder enthalten alle eine besondere Heilfrequenz. Glenda Laila w\u00e4hlt diese intuitiv-medial, somit fliessen genau diejenigen Energien, die wir als Gruppe an diesem Tag genau ben\u00f6tigen.<\/p>\n\n\n\n<p><strong>Preis<\/strong>: CHF 85.-<br><em>Buddy-Rabatt<\/em>: wenn ihr euch zu zweit anmeldet kostet es CHF 77.- pro Person<\/p>\n\n\n<div class=\"wp-block-image\">\n<figure class=\"aligncenter size-large is-resized\"><img loading=\"lazy\" decoding=\"async\" width=\"819\" height=\"1024\" src=\"https:\/\/glendalaila.ch\/wp-content\/uploads\/2025\/11\/WhatsApp-Bild-2025-11-18-um-19.59.02_a23f94ae-819x1024.jpg\" alt=\"\" class=\"wp-image-7358\" style=\"width:428px;height:auto\" srcset=\"https:\/\/glendalaila.ch\/wp-content\/uploads\/2025\/11\/WhatsApp-Bild-2025-11-18-um-19.59.02_a23f94ae-819x1024.jpg 819w, https:\/\/glendalaila.ch\/wp-content\/uploads\/2025\/11\/WhatsApp-Bild-2025-11-18-um-19.59.02_a23f94ae-240x300.jpg 240w, https:\/\/glendalaila.ch\/wp-content\/uploads\/2025\/11\/WhatsApp-Bild-2025-11-18-um-19.59.02_a23f94ae-768x960.jpg 768w, https:\/\/glendalaila.ch\/wp-content\/uploads\/2025\/11\/WhatsApp-Bild-2025-11-18-um-19.59.02_a23f94ae-10x12.jpg 10w, https:\/\/glendalaila.ch\/wp-content\/uploads\/2025\/11\/WhatsApp-Bild-2025-11-18-um-19.59.02_a23f94ae.jpg 1080w\" sizes=\"auto, (max-width: 819px) 100vw, 819px\" \/><\/figure>\n<\/div>\n\n\n<p><strong>\u00dcber Francesca<\/strong>:<br>Seit Francesca denken kann sp\u00fcrt sie, dass da mehr ist als wir sehen k\u00f6nnen. Schon als Kind verbrachte sie viel Zeit in der Natur, vor allem im Wald und sp\u00fcrte da eine Tiefe Verbindung zu den B\u00e4umen, den Pflanzen und den Tieren. Durch ihre Liebe zur Gartenarbeit ist sie zum Mischen von R\u00e4uchermischungen gekommen, welche sie f\u00fcr verschiedene Themen zubereitet, in ihrem Onlineshop verkauft und auch in ihren Heilkreisen mitfliessen l\u00e4sst. Durch Tiefes Arbeiten an sich selbst, sp\u00fcrte Francesca den Ruf, ihre Heilkr\u00e4fte zu aktivieren, was sie zur Ausbildung zur Vinyasa Yogalehrerin brachte, einer Heilpflanzeninitiation, sowie eine Weiterbildung im Reiki, verbunden mit viel Selbststudium &amp; Selbsterfahrung. Heute verbindet Francesca ihr langj\u00e4hriges medizinisches Wissen mit Energiearbeit. Sie bietet energetische Reinigungen, sowie eigenes R\u00e4ucherwerk an, h\u00e4lt R\u00e4ume wo du deiner Essenz ein St\u00fcck n\u00e4her kommst und genau so willkommen bist&nbsp;wie&nbsp;du&nbsp;bist.<\/p>\n\n\n\n<p><strong>\u00dcber Glenda<\/strong>:<br>Glenda Laila verbindet Musik mit heilenden Elementen und schafft einen Raum, in dem sich jede:r willkommen und angenommen f\u00fchlt. Ihre Angebote zeichnen sich durch eine ausgewogene Mischung aus tiefgr\u00fcndiger Erfahrung und einer leichten, liebevollen Atmosph\u00e4re aus.&nbsp;<br>Seit jeher pr\u00e4gen sie eine innige Verbundenheit zur Natur und ihren Elementen, tiefe Selbsterkenntnisse sowie die Liebe zur Musik. Im Bhakti- und Nada Yoga \u2013 dem Yoga der Hingabe und dem Yoga des Klanges \u2013 und im Schamanismus f\u00fchlt sich Glenda Laila gleichermassen Zuhause. Sie vereint unterschiedliche Traditionen mit ihrer inneren Wahrheit und bringt ihre eigene Urkraft in alles ein, was sie tut.<br>Ihre warme, liebevolle, mal sanft und mal kr\u00e4ftige Stimme begleitet sie mit Gitarre, Indischem Harmonium und Schamanischer Trommel. In ihrem Wirken l\u00e4sst sich Glenda Laila intuitiv-medial f\u00fchren und somit fliessen auch immer heilende Frequenzen mit ein. Ihre Hingabe \u00f6ffnet Herzen, ihr Vertrauen schenkt ein Gef\u00fchl von Geborgenheit, ihre Feinf\u00fchligkeit bringt die Gef\u00fchlswelt in Bewegung und ihre Liebe f\u00fchrt einen liebevoll zur\u00fcck zu sich selbst.<br>Glenda Laila leitet Singkreise, begleitet Zeremonien musikalisch, teilt ihr Wissen \u00fcber die Welt der Mantras und des Gesangs und liebt es, mit ihren Kl\u00e4ngen Herz und Seele zu ber\u00fchren.<\/p>\n\n\n\n<h5 class=\"wp-block-heading\">Melde dich hier an<\/h5>\n\n\n\n<p>E-Mail an <strong>hippieanima(at)gmail.com<\/strong> oder auf Instagram: <strong>@hippieanima<\/strong><\/p>","protected":false},"excerpt":{"rendered":"<p>Cacaoliebe, R\u00e4uchermagie und Singfreude Sonntag, 7. Dezember11:00 &#8211; 13:15 Uhrin Luzern Sp\u00fcre deine Wurzeln, die tief in deinem Sein verankert sind. Verbinde dich mit deinem Herz und f\u00fchle die Liebe, die du bist. Francesca und Glenda Laila leiten dich durch einen transformierenden Vormittag, mit zeremoniellen Cacao, Ausr\u00e4ucherung und gemeinsamen Singen.Die liebevolle Pr\u00e4senz der Heilpflanze Cacao <a class=\"read-more\" href=\"https:\/\/glendalaila.ch\/en\/root-connect\/\">READ MORE<\/a><\/p>","protected":false},"author":1,"featured_media":0,"parent":0,"menu_order":0,"comment_status":"closed","ping_status":"closed","template":"","meta":{"_monsterinsights_skip_tracking":false,"_monsterinsights_sitenote_active":false,"_monsterinsights_sitenote_note":"","_monsterinsights_sitenote_category":0,"footnotes":""},"class_list":["post-7357","page","type-page","status-publish","hentry"],"aioseo_notices":[],"_links":{"self":[{"href":"https:\/\/glendalaila.ch\/en\/wp-json\/wp\/v2\/pages\/7357","targetHints":{"allow":["GET"]}}],"collection":[{"href":"https:\/\/glendalaila.ch\/en\/wp-json\/wp\/v2\/pages"}],"about":[{"href":"https:\/\/glendalaila.ch\/en\/wp-json\/wp\/v2\/types\/page"}],"author":[{"embeddable":true,"href":"https:\/\/glendalaila.ch\/en\/wp-json\/wp\/v2\/users\/1"}],"replies":[{"embeddable":true,"href":"https:\/\/glendalaila.ch\/en\/wp-json\/wp\/v2\/comments?post=7357"}],"version-history":[{"count":6,"href":"https:\/\/glendalaila.ch\/en\/wp-json\/wp\/v2\/pages\/7357\/revisions"}],"predecessor-version":[{"id":7412,"href":"https:\/\/glendalaila.ch\/en\/wp-json\/wp\/v2\/pages\/7357\/revisions\/7412"}],"wp:attachment":[{"href":"https:\/\/glendalaila.ch\/en\/wp-json\/wp\/v2\/media?parent=7357"}],"curies":[{"name":"wp","href":"https:\/\/api.w.org\/{rel}","templated":true}]}}