{"id":7561,"date":"2026-01-19T14:39:07","date_gmt":"2026-01-19T13:39:07","guid":{"rendered":"https:\/\/glendalaila.ch\/?page_id=7561"},"modified":"2026-04-10T11:25:04","modified_gmt":"2026-04-10T09:25:04","slug":"sing-for-the-soul","status":"publish","type":"page","link":"https:\/\/glendalaila.ch\/en\/sing-for-the-soul\/","title":{"rendered":"Sing for the soul (online chanting)"},"content":{"rendered":"<p class=\"has-text-align-center\"><strong>When<\/strong>Every tuesday (with a few exceptions)<br><strong>How long<\/strong>from 8 p.m. to 8:30 p.m.<br><strong>Wo<\/strong>Where<br><strong>How much<\/strong>l: 22.- CHF, mit Abo 18.- CHF<\/p>\n\n\n\n<p>We meet every tuesday online, to sing one mantra or medicine song together.<br>You <em>don't need<\/em> any prerequisites.<br>Your microphone will be muted, you <em>won't<\/em> be hearing each other sing. You only hear me (and yourself).<br>You are warmly invited to participate regularly to develop your own practice, but you are also welcome to join just once or occasionally. It\u2019s entirely up to you and what feels right for you.<br>Vor der Session erh\u00e4ltst du ein PDF mit dem jeweiligen Mantra \/ Lied und einer kurzen Beschreibung dazu.<br>In each session, you also receive energetic support through my voice.<br>Nach der Session ist die Zoom-Aufnahme f\u00fcr dich eine Woche lang (bis zum n\u00e4chsten Sing for the soul) online verf\u00fcgbar, damit du bei Bedarf das Mantra \/ Lied w\u00e4hrend der Woche nochmals f\u00fcr dich singen kannst.<\/p>\n\n\n\n<p><strong>5-er Abo<\/strong>: Du bezahlst einmalig 90.- CHF und kannst innerhalb von 3 Monaten an 5 Sessions dabei sein.<\/p>\n\n\n\n<p>Wenn du ein 5-er Abo l\u00f6st, kannst du entweder bereits alle 5 Daten, an denen du dabei bist, ausw\u00e4hlen und buchen oder du kannst spontan schauen, wann du dabei sein m\u00f6chtest (einfach innerhalb von 3 Monaten). Wichtig ist, dass du dich f\u00fcr alle Daten, an denen du dabei sein m\u00f6chtes, anmeldest.<\/p>\n\n\n<div class=\"wp-block-image\">\n<figure class=\"aligncenter size-large is-resized\"><img loading=\"lazy\" decoding=\"async\" width=\"1024\" height=\"683\" src=\"https:\/\/glendalaila.ch\/wp-content\/uploads\/2026\/02\/ABC2796-1024x683.jpg\" alt=\"\" class=\"wp-image-7728\" style=\"aspect-ratio:1.4992748770286761;width:540px;height:auto\" srcset=\"https:\/\/glendalaila.ch\/wp-content\/uploads\/2026\/02\/ABC2796-1024x683.jpg 1024w, https:\/\/glendalaila.ch\/wp-content\/uploads\/2026\/02\/ABC2796-300x200.jpg 300w, https:\/\/glendalaila.ch\/wp-content\/uploads\/2026\/02\/ABC2796-768x512.jpg 768w, https:\/\/glendalaila.ch\/wp-content\/uploads\/2026\/02\/ABC2796-1536x1024.jpg 1536w, https:\/\/glendalaila.ch\/wp-content\/uploads\/2026\/02\/ABC2796-2048x1365.jpg 2048w, https:\/\/glendalaila.ch\/wp-content\/uploads\/2026\/02\/ABC2796-18x12.jpg 18w\" sizes=\"auto, (max-width: 1024px) 100vw, 1024px\" \/><\/figure>\n<\/div>\n\n\n<h4 class=\"wp-block-heading\"><strong>This offering is for you if:<\/strong><\/h4>\n\n\n\n<p><\/p>\n\n\n\n<ul class=\"wp-block-list\">\n<li>you don\u2019t feel ready to sing together with others (yet)<\/li>\n\n\n\n<li>you would like to have a regular singing practice<\/li>\n\n\n\n<li>you don\u2019t want or are unable to travel anywhere, and prefer to participate comfortably from home<\/li>\n\n\n\n<li>if you cannot or do not want to take more than half an hour out of your day, but still want to sing mantras and healing songs<\/li>\n\n\n\n<li>you want to deepen your mantra and healing song practice<\/li>\n\n\n\n<li>du die meditative Kraft von Mantras und Medizinlieder entdecken\/geniessen\/nutzen m\u00f6chtest<\/li>\n\n\n\n<li>you want to receive healing frequencies<\/li>\n\n\n\n<li>you simply feel drawn to this, whether or not the points above apply to you<\/li>\n<\/ul>\n\n\n\n<h4 class=\"wp-block-heading\"><strong><strong>Structure &amp; Content:<\/strong><\/strong><\/h4>\n\n\n\n<p><\/p>\n\n\n\n<ul class=\"wp-block-list\">\n<li>The session begins with a short message and a brief introduction to the song.<\/li>\n\n\n\n<li>Pro Session singen wir ein Lied, f\u00fcr ca. 20 Minuten\n<ul class=\"wp-block-list\">\n<li>Focusing on a single song and singing it for an extended period allows the song\u2019s effect to unfold. You arrive within yourself and can fully immerse in the song.<\/li>\n\n\n\n<li>The song is selected intuitively by me for each week.<\/li>\n<\/ul>\n<\/li>\n\n\n\n<li>During the session, you hear only me through the speakers\/headphones and yourself.\n<ul class=\"wp-block-list\">\n<li>Healing frequencies flow through my voice, supporting you energetically (good headphones are recommended).<\/li>\n\n\n\n<li>Through singing, you awaken and activate your own innate healing abilities<\/li>\n<\/ul>\n<\/li>\n\n\n\n<li>The session ends with a few minutes of silence, allowing the energy to continue flowing.<\/li>\n\n\n\n<li>Bonus:\n<ul class=\"wp-block-list\">\n<li>Du erh\u00e4ltst das Mantra \/ Lied in PDF inklusive Akkorde f\u00fcr dich via Mail<\/li>\n\n\n\n<li>Du hast eine Woche lang Zugang auf die Aufnahme der Session und kannst sie somit beliebig wiederholen<\/li>\n<\/ul>\n<\/li>\n<\/ul>\n\n\n\n<p><\/p>\n\n\n\n<h3 class=\"wp-block-heading\"><strong><strong>Book your spot:<\/strong><\/strong><\/h3>\n\n\n<div class=\"wpforms-container wpforms-container-full\" id=\"wpforms-7577\"><form id=\"wpforms-form-7577\" class=\"wpforms-validate wpforms-form wpforms-ajax-form\" data-formid=\"7577\" method=\"post\" enctype=\"multipart\/form-data\" action=\"\/en\/wp-json\/wp\/v2\/pages\/7561\" data-token=\"98cebcea8e7394348bf73d4738ffa240\" data-token-time=\"1776288746\" data-trp-original-action=\"\/en\/wp-json\/wp\/v2\/pages\/7561\"><noscript class=\"wpforms-error-noscript\">Please enable JavaScript in your browser to complete this form.<\/noscript><div class=\"wpforms-field-container\"><div id=\"wpforms-7577-field_1-container\" class=\"wpforms-field wpforms-field-name\" data-field-id=\"1\"><label class=\"wpforms-field-label\">Name <span class=\"wpforms-required-label\">*<\/span><\/label><div class=\"wpforms-field-row wpforms-field-large\"><div class=\"wpforms-field-row-block wpforms-first wpforms-one-half\"><input type=\"text\" id=\"wpforms-7577-field_1\" class=\"wpforms-field-name-first wpforms-field-required\" name=\"wpforms[fields][1][first]\" required><label for=\"wpforms-7577-field_1\" class=\"wpforms-field-sublabel after\">First<\/label><\/div><div class=\"wpforms-field-row-block wpforms-one-half\"><input type=\"text\" id=\"wpforms-7577-field_1-last\" class=\"wpforms-field-name-last wpforms-field-required\" name=\"wpforms[fields][1][last]\" required><label for=\"wpforms-7577-field_1-last\" class=\"wpforms-field-sublabel after\">Last<\/label><\/div><\/div><\/div><div id=\"wpforms-7577-field_4-container\" class=\"wpforms-field wpforms-field-email\" data-field-id=\"4\"><label class=\"wpforms-field-label\" for=\"wpforms-7577-field_4\">Your E-Mail <span class=\"wpforms-required-label\">*<\/span><\/label><input type=\"email\" id=\"wpforms-7577-field_4\" class=\"wpforms-field-medium wpforms-field-required\" name=\"wpforms[fields][4]\" spellcheck=\"false\" required><\/div><div id=\"wpforms-7577-field_18-container\" class=\"wpforms-field wpforms-field-text\" data-field-id=\"18\"><label class=\"wpforms-field-label\" for=\"wpforms-7577-field_18\">Adresse (Strasse, Hausnummer, PLZ, Ort) <span class=\"wpforms-required-label\">*<\/span><\/label><input type=\"text\" id=\"wpforms-7577-field_18\" class=\"wpforms-field-medium wpforms-field-required\" name=\"wpforms[fields][18]\" required><\/div>\t\t<div id=\"wpforms-7577-field_2-container\"\n\t\t\tclass=\"wpforms-field wpforms-field-text\"\n\t\t\tdata-field-type=\"text\"\n\t\t\tdata-field-id=\"2\"\n\t\t\t>\n\t\t\t<label class=\"wpforms-field-label\" for=\"wpforms-7577-field_2\" >untenstehenden Name f\u00fcr:<\/label>\n\t\t\t<input type=\"text\" id=\"wpforms-7577-field_2\" class=\"wpforms-field-medium\" name=\"wpforms[fields][2]\" >\n\t\t<\/div>\n\t\t<div id=\"wpforms-7577-field_7-container\" class=\"wpforms-field wpforms-field-checkbox wpforms-list-2-columns\" data-field-id=\"7\"><label class=\"wpforms-field-label\">I book for: <span class=\"wpforms-required-label\">*<\/span><\/label><ul id=\"wpforms-7577-field_7\" class=\"wpforms-field-required\"><li class=\"choice-9 depth-1\"><input type=\"checkbox\" id=\"wpforms-7577-field_7_9\" name=\"wpforms[fields][7][]\" value=\"Dienstag, 14. April\" required><label class=\"wpforms-field-label-inline\" for=\"wpforms-7577-field_7_9\">Dienstag, 14. April<\/label><\/li><li class=\"choice-10 depth-1\"><input type=\"checkbox\" id=\"wpforms-7577-field_7_10\" name=\"wpforms[fields][7][]\" value=\"Dienstag, 28. April\" required><label class=\"wpforms-field-label-inline\" for=\"wpforms-7577-field_7_10\">Dienstag, 28. April<\/label><\/li><li class=\"choice-11 depth-1\"><input type=\"checkbox\" id=\"wpforms-7577-field_7_11\" name=\"wpforms[fields][7][]\" value=\"Dienstag, 12. Mai\" required><label class=\"wpforms-field-label-inline\" for=\"wpforms-7577-field_7_11\">Dienstag, 12. Mai<\/label><\/li><li class=\"choice-12 depth-1\"><input type=\"checkbox\" id=\"wpforms-7577-field_7_12\" name=\"wpforms[fields][7][]\" value=\"Dienstag, 19. Mai\" required><label class=\"wpforms-field-label-inline\" for=\"wpforms-7577-field_7_12\">Dienstag, 19. Mai<\/label><\/li><li class=\"choice-13 depth-1\"><input type=\"checkbox\" id=\"wpforms-7577-field_7_13\" name=\"wpforms[fields][7][]\" value=\"Dienstag, 26. Mai\" required><label class=\"wpforms-field-label-inline\" for=\"wpforms-7577-field_7_13\">Dienstag, 26. Mai<\/label><\/li><li class=\"choice-14 depth-1\"><input type=\"checkbox\" id=\"wpforms-7577-field_7_14\" name=\"wpforms[fields][7][]\" value=\"Dienstag, 2. Juni\" required><label class=\"wpforms-field-label-inline\" for=\"wpforms-7577-field_7_14\">Dienstag, 2. Juni<\/label><\/li><li class=\"choice-15 depth-1\"><input type=\"checkbox\" id=\"wpforms-7577-field_7_15\" name=\"wpforms[fields][7][]\" value=\"Dienstag, 9. Juni\" required><label class=\"wpforms-field-label-inline\" for=\"wpforms-7577-field_7_15\">Dienstag, 9. Juni<\/label><\/li><li class=\"choice-16 depth-1\"><input type=\"checkbox\" id=\"wpforms-7577-field_7_16\" name=\"wpforms[fields][7][]\" value=\"Dienstag 16. Juni\" required><label class=\"wpforms-field-label-inline\" for=\"wpforms-7577-field_7_16\">Dienstag 16. Juni<\/label><\/li><\/ul><div class=\"wpforms-field-description\">You can book multiple dates at once.<\/div><\/div><div id=\"wpforms-7577-field_15-container\" class=\"wpforms-field wpforms-field-checkbox\" data-field-id=\"15\"><label class=\"wpforms-field-label\">I have read the terms and conditions below and agree to them. <span class=\"wpforms-required-label\">*<\/span><\/label><ul id=\"wpforms-7577-field_15\" class=\"wpforms-field-required\"><li class=\"choice-1 depth-1\"><input type=\"checkbox\" id=\"wpforms-7577-field_15_1\" name=\"wpforms[fields][15][]\" value=\"Ich best\u00e4tige\" required><label class=\"wpforms-field-label-inline\" for=\"wpforms-7577-field_15_1\">I confirm<\/label><\/li><\/ul><\/div><script>\n\t\t\t\t( function() {\n\t\t\t\t\tconst style = document.createElement( 'style' );\n\t\t\t\t\tstyle.appendChild( document.createTextNode( '#wpforms-7577-field_2-container { position: absolute !important; overflow: hidden !important; display: inline !important; height: 1px !important; width: 1px !important; z-index: -1000 !important; padding: 0 !important; } #wpforms-7577-field_2-container input { visibility: hidden; } #wpforms-conversational-form-page #wpforms-7577-field_2-container label { counter-increment: none; }' ) );\n\t\t\t\t\tdocument.head.appendChild( style );\n\t\t\t\t\tdocument.currentScript?.remove();\n\t\t\t\t} )();\n\t\t\t<\/script><\/div><!-- .wpforms-field-container --><div class=\"wpforms-submit-container\" ><input type=\"hidden\" name=\"wpforms[id]\" value=\"7577\"><input type=\"hidden\" name=\"page_title\" value=\"\"><input type=\"hidden\" name=\"page_url\" value=\"https:\/\/glendalaila.ch\/en\/wp-json\/wp\/v2\/pages\/7561\"><input type=\"hidden\" name=\"url_referer\" value=\"\"><button type=\"submit\" name=\"wpforms[submit]\" id=\"wpforms-submit-7577\" class=\"wpforms-submit\" data-alt-text=\"Sending...\" data-submit-text=\"Anmelden\" aria-live=\"assertive\" value=\"wpforms-submit\">Sign up<\/button><img loading=\"lazy\" decoding=\"async\" src=\"https:\/\/glendalaila.ch\/wp-content\/plugins\/wpforms-lite\/assets\/images\/submit-spin.svg\" class=\"wpforms-submit-spinner\" style=\"display: none;\" width=\"26\" height=\"26\" alt=\"Loading\"><\/div><input type=\"hidden\" name=\"trp-form-language\" value=\"en\"\/><\/form><\/div>  <!-- .wpforms-container -->\n\n\n\n<h4 class=\"wp-block-heading\"><strong>Conditions:<\/strong><\/h4>\n\n\n\n<ul class=\"wp-block-list\">\n<li><strong>Registration deadline: one hour before the start<\/strong><\/li>\n\n\n\n<li>Bitte bezahle deine Session DAVOR<\/li>\n\n\n\n<li><strong>You will receive the Zoom link and the song lyrics shortly before the session begins.<\/strong><\/li>\n\n\n\n<li>Payment methods: Twint, bank transfer, or PayPal<\/li>\n\n\n\n<li><strong>Deine Anmeldung gilt als verbindlich. Absagen sind bis zu 4 Stunden vor Eventbeginn m\u00f6glich. Danach wird der gesamte Betrag verrechnet.<\/strong><\/li>\n<\/ul>","protected":false},"excerpt":{"rendered":"<p>Wann: Jeden Dienstag (mit einigen Ausnahmen)Wie lange: von 20:00 bis 20:30 UhrWo: online, via ZoomWie viel: 22.- CHF, mit Abo 18.- CHF Wir treffen uns jeden Dienstag online, um gemeinsam ein Mantra oder Medizinlied zu singen.Daf\u00fcr sind keine Vorkenntnisse n\u00f6tig.Dein Mikrofon wird auf stumm gesetzt sein, man h\u00f6rt sich also gegenseitig nicht singen. Du h\u00f6rst <a class=\"read-more\" href=\"https:\/\/glendalaila.ch\/en\/sing-for-the-soul\/\">READ MORE<\/a><\/p>","protected":false},"author":1,"featured_media":0,"parent":0,"menu_order":0,"comment_status":"closed","ping_status":"closed","template":"","meta":{"_monsterinsights_skip_tracking":false,"_monsterinsights_sitenote_active":false,"_monsterinsights_sitenote_note":"","_monsterinsights_sitenote_category":0,"footnotes":""},"class_list":["post-7561","page","type-page","status-publish","hentry"],"aioseo_notices":[],"_links":{"self":[{"href":"https:\/\/glendalaila.ch\/en\/wp-json\/wp\/v2\/pages\/7561","targetHints":{"allow":["GET"]}}],"collection":[{"href":"https:\/\/glendalaila.ch\/en\/wp-json\/wp\/v2\/pages"}],"about":[{"href":"https:\/\/glendalaila.ch\/en\/wp-json\/wp\/v2\/types\/page"}],"author":[{"embeddable":true,"href":"https:\/\/glendalaila.ch\/en\/wp-json\/wp\/v2\/users\/1"}],"replies":[{"embeddable":true,"href":"https:\/\/glendalaila.ch\/en\/wp-json\/wp\/v2\/comments?post=7561"}],"version-history":[{"count":33,"href":"https:\/\/glendalaila.ch\/en\/wp-json\/wp\/v2\/pages\/7561\/revisions"}],"predecessor-version":[{"id":7855,"href":"https:\/\/glendalaila.ch\/en\/wp-json\/wp\/v2\/pages\/7561\/revisions\/7855"}],"wp:attachment":[{"href":"https:\/\/glendalaila.ch\/en\/wp-json\/wp\/v2\/media?parent=7561"}],"curies":[{"name":"wp","href":"https:\/\/api.w.org\/{rel}","templated":true}]}}