{"id":7609,"date":"2026-01-19T17:27:47","date_gmt":"2026-01-19T16:27:47","guid":{"rendered":"https:\/\/glendalaila.ch\/?page_id=7609"},"modified":"2026-02-20T13:13:00","modified_gmt":"2026-02-20T12:13:00","slug":"chanting-circle-soundbath","status":"publish","type":"page","link":"https:\/\/glendalaila.ch\/en\/chanting-circle-soundbath\/","title":{"rendered":"Chanting Circle &amp; Soundbath"},"content":{"rendered":"<p>Dieser Abend ist eine Einladung, nach innen zu reisen. Durch Klang, Stimme und Stille entsteht ein Raum, in dem du dich mit dir selbst verbinden, dein Nervensystem beruhigen und tief entspannen darfst. Ein Abend zum Ankommen, Loslassen und Empfangen.<\/p>\n\n\n\n<p class=\"has-text-align-center\"><strong>Samstag, 18. April<\/strong><br>19:00 &#8211; 21:00 Uhr<br>Studio Kayana, Z\u00fcrich<br><em>mit C\u00e9line Suremann &amp; Glenda Laila<\/em><\/p>\n\n\n<div class=\"wp-block-image\">\n<figure class=\"aligncenter size-full is-resized\"><img loading=\"lazy\" decoding=\"async\" width=\"2560\" height=\"1707\" src=\"https:\/\/glendalaila.ch\/wp-content\/uploads\/2026\/02\/ABC8955-scaled.jpg\" alt=\"\" class=\"wp-image-7733\" style=\"width:442px;height:auto\" srcset=\"https:\/\/glendalaila.ch\/wp-content\/uploads\/2026\/02\/ABC8955-scaled.jpg 2560w, https:\/\/glendalaila.ch\/wp-content\/uploads\/2026\/02\/ABC8955-300x200.jpg 300w, https:\/\/glendalaila.ch\/wp-content\/uploads\/2026\/02\/ABC8955-1024x683.jpg 1024w, https:\/\/glendalaila.ch\/wp-content\/uploads\/2026\/02\/ABC8955-768x512.jpg 768w, https:\/\/glendalaila.ch\/wp-content\/uploads\/2026\/02\/ABC8955-1536x1024.jpg 1536w, https:\/\/glendalaila.ch\/wp-content\/uploads\/2026\/02\/ABC8955-2048x1365.jpg 2048w, https:\/\/glendalaila.ch\/wp-content\/uploads\/2026\/02\/ABC8955-18x12.jpg 18w\" sizes=\"auto, (max-width: 2560px) 100vw, 2560px\" \/><\/figure>\n<\/div>\n\n\n<p>An diesem Abend \u00f6ffnet sich ein Raum, in dem du deinen inneren Landschaften begegnen darfst. Klang, Stimme und Stille laden dich ein, nach innen zu lauschen und dich mit dem zu verbinden, was in dir lebendig ist. Getragen vom gemeinsamen Feld darfst du ankommen, loslassen und dich dem Moment hingeben.<\/p>\n\n\n\n<p>Im Klang deiner eigenen Stimme und im Soundbath \u00f6ffnen sich sanft die T\u00fcren zu deinem inneren Selbst. Du erlebst Klang in seinen verschiedensten Facetten und darfst dich ber\u00fchren lassen von deiner eigenen Stimme, vom gemeinsamen Singen und von den feinen Schwingungen der Kl\u00e4nge.<\/p>\n\n\n\n<p>Wir beginnen den Abend mit einem wohltuenden, sanft herz\u00f6ffnenden zeremoniellen Cacao, der dich erdet und dich liebevoll auf die gemeinsame Reise einstimmt.<\/p>\n\n\n\n<p>Anschliessend tauchen wir gemeinsam ins Singen ein. Daf\u00fcr brauchst du keinerlei Vorkenntnisse. Es geht nicht darum, richtig zu singen oder T\u00f6ne zu treffen. Im Singkreis ist jede Stimme willkommen und genau richtig so, wie sie ist. Dein Ausdruck darf frei sein und dein Klang darf echt sein.<\/p>\n\n\n\n<p>Das gemeinsame Singen von Mantras, Herzensliedern und Medizinliedern beruhigt dein Nervensystem, l\u00e4sst Gedanken leiser werden und \u00f6ffnet den Raum des Herzens. In der bewussten Verbindung mit deiner Stimme vertieft sich der Kontakt zu dir selbst und zu dem, was in dir gef\u00fchlt werden m\u00f6chte.<\/p>\n\n\n\n<p>Im Anschluss darfst du dich hinlegen und einfach empfangen. Die Kl\u00e4nge der tibetischen Klangschalen und Kristallklangschalen tragen dich in tiefe Entspannung, \u00f6ffnen innere R\u00e4ume und unterst\u00fctzen die Regeneration deines gesamten Systems.<\/p>\n\n\n\n<p>Abgerundet wird dieser zweist\u00fcndige Klangabend durch sanfte Gesangsfrequenzen, die du zum Abschluss ganz entspannt in dir nachklingen lassen darfst.<\/p>\n\n\n\n<div class=\"wp-block-buttons is-content-justification-center is-layout-flex wp-container-core-buttons-is-layout-16018d1d wp-block-buttons-is-layout-flex\">\n<div class=\"wp-block-button\"><a class=\"wp-block-button__link has-black-color has-text-color has-background wp-element-button\" href=\"https:\/\/www.celinesuremann.ch\/event-details\/chanting-circle-sound-bath-2026-04-18-19-00\" style=\"background-color:#cb9763\"><strong>Hier buchen<\/strong><\/a><\/div>\n<\/div>\n\n\n\n<figure class=\"wp-block-gallery has-nested-images columns-default is-cropped wp-block-gallery-1 is-layout-flex wp-block-gallery-is-layout-flex\">\n<figure class=\"wp-block-image size-large\"><img loading=\"lazy\" decoding=\"async\" width=\"1024\" height=\"683\" data-id=\"7738\" src=\"https:\/\/glendalaila.ch\/wp-content\/uploads\/2026\/02\/ABC8943-1024x683.jpg\" alt=\"\" class=\"wp-image-7738\" srcset=\"https:\/\/glendalaila.ch\/wp-content\/uploads\/2026\/02\/ABC8943-1024x683.jpg 1024w, https:\/\/glendalaila.ch\/wp-content\/uploads\/2026\/02\/ABC8943-300x200.jpg 300w, https:\/\/glendalaila.ch\/wp-content\/uploads\/2026\/02\/ABC8943-768x512.jpg 768w, https:\/\/glendalaila.ch\/wp-content\/uploads\/2026\/02\/ABC8943-1536x1024.jpg 1536w, https:\/\/glendalaila.ch\/wp-content\/uploads\/2026\/02\/ABC8943-2048x1365.jpg 2048w, https:\/\/glendalaila.ch\/wp-content\/uploads\/2026\/02\/ABC8943-18x12.jpg 18w\" sizes=\"auto, (max-width: 1024px) 100vw, 1024px\" \/><\/figure>\n\n\n\n<figure class=\"wp-block-image size-large\"><img loading=\"lazy\" decoding=\"async\" width=\"1024\" height=\"683\" data-id=\"7737\" src=\"https:\/\/glendalaila.ch\/wp-content\/uploads\/2026\/02\/ABC9053-4-3-1024x683.jpg\" alt=\"\" class=\"wp-image-7737\" srcset=\"https:\/\/glendalaila.ch\/wp-content\/uploads\/2026\/02\/ABC9053-4-3-1024x683.jpg 1024w, https:\/\/glendalaila.ch\/wp-content\/uploads\/2026\/02\/ABC9053-4-3-300x200.jpg 300w, https:\/\/glendalaila.ch\/wp-content\/uploads\/2026\/02\/ABC9053-4-3-768x512.jpg 768w, https:\/\/glendalaila.ch\/wp-content\/uploads\/2026\/02\/ABC9053-4-3-1536x1024.jpg 1536w, https:\/\/glendalaila.ch\/wp-content\/uploads\/2026\/02\/ABC9053-4-3-2048x1366.jpg 2048w, https:\/\/glendalaila.ch\/wp-content\/uploads\/2026\/02\/ABC9053-4-3-18x12.jpg 18w\" sizes=\"auto, (max-width: 1024px) 100vw, 1024px\" \/><\/figure>\n\n\n\n<figure class=\"wp-block-image size-large\"><img loading=\"lazy\" decoding=\"async\" width=\"1024\" height=\"683\" data-id=\"7734\" src=\"https:\/\/glendalaila.ch\/wp-content\/uploads\/2026\/02\/ABC8965-1024x683.jpg\" alt=\"\" class=\"wp-image-7734\" srcset=\"https:\/\/glendalaila.ch\/wp-content\/uploads\/2026\/02\/ABC8965-1024x683.jpg 1024w, https:\/\/glendalaila.ch\/wp-content\/uploads\/2026\/02\/ABC8965-300x200.jpg 300w, https:\/\/glendalaila.ch\/wp-content\/uploads\/2026\/02\/ABC8965-768x512.jpg 768w, https:\/\/glendalaila.ch\/wp-content\/uploads\/2026\/02\/ABC8965-1536x1024.jpg 1536w, https:\/\/glendalaila.ch\/wp-content\/uploads\/2026\/02\/ABC8965-2048x1365.jpg 2048w, https:\/\/glendalaila.ch\/wp-content\/uploads\/2026\/02\/ABC8965-18x12.jpg 18w\" sizes=\"auto, (max-width: 1024px) 100vw, 1024px\" \/><\/figure>\n\n\n\n<figure class=\"wp-block-image size-large\"><img loading=\"lazy\" decoding=\"async\" width=\"1024\" height=\"683\" data-id=\"7735\" src=\"https:\/\/glendalaila.ch\/wp-content\/uploads\/2026\/02\/ABC8994-1024x683.jpg\" alt=\"\" class=\"wp-image-7735\" srcset=\"https:\/\/glendalaila.ch\/wp-content\/uploads\/2026\/02\/ABC8994-1024x683.jpg 1024w, https:\/\/glendalaila.ch\/wp-content\/uploads\/2026\/02\/ABC8994-300x200.jpg 300w, https:\/\/glendalaila.ch\/wp-content\/uploads\/2026\/02\/ABC8994-768x512.jpg 768w, https:\/\/glendalaila.ch\/wp-content\/uploads\/2026\/02\/ABC8994-1536x1024.jpg 1536w, https:\/\/glendalaila.ch\/wp-content\/uploads\/2026\/02\/ABC8994-2048x1365.jpg 2048w, https:\/\/glendalaila.ch\/wp-content\/uploads\/2026\/02\/ABC8994-18x12.jpg 18w\" sizes=\"auto, (max-width: 1024px) 100vw, 1024px\" \/><\/figure>\n\n\n\n<figure class=\"wp-block-image size-large\"><img loading=\"lazy\" decoding=\"async\" width=\"1024\" height=\"683\" data-id=\"7736\" src=\"https:\/\/glendalaila.ch\/wp-content\/uploads\/2026\/02\/ABC8915-1024x683.jpg\" alt=\"\" class=\"wp-image-7736\" srcset=\"https:\/\/glendalaila.ch\/wp-content\/uploads\/2026\/02\/ABC8915-1024x683.jpg 1024w, https:\/\/glendalaila.ch\/wp-content\/uploads\/2026\/02\/ABC8915-300x200.jpg 300w, https:\/\/glendalaila.ch\/wp-content\/uploads\/2026\/02\/ABC8915-768x512.jpg 768w, https:\/\/glendalaila.ch\/wp-content\/uploads\/2026\/02\/ABC8915-1536x1024.jpg 1536w, https:\/\/glendalaila.ch\/wp-content\/uploads\/2026\/02\/ABC8915-2048x1365.jpg 2048w, https:\/\/glendalaila.ch\/wp-content\/uploads\/2026\/02\/ABC8915-18x12.jpg 18w\" sizes=\"auto, (max-width: 1024px) 100vw, 1024px\" \/><\/figure>\n\n\n\n<figure class=\"wp-block-image size-large\"><img loading=\"lazy\" decoding=\"async\" width=\"1024\" height=\"683\" data-id=\"7699\" src=\"https:\/\/glendalaila.ch\/wp-content\/uploads\/2026\/02\/ABC8904-1024x683.jpg\" alt=\"\" class=\"wp-image-7699\" srcset=\"https:\/\/glendalaila.ch\/wp-content\/uploads\/2026\/02\/ABC8904-1024x683.jpg 1024w, https:\/\/glendalaila.ch\/wp-content\/uploads\/2026\/02\/ABC8904-300x200.jpg 300w, https:\/\/glendalaila.ch\/wp-content\/uploads\/2026\/02\/ABC8904-768x512.jpg 768w, https:\/\/glendalaila.ch\/wp-content\/uploads\/2026\/02\/ABC8904-1536x1024.jpg 1536w, https:\/\/glendalaila.ch\/wp-content\/uploads\/2026\/02\/ABC8904-2048x1365.jpg 2048w, https:\/\/glendalaila.ch\/wp-content\/uploads\/2026\/02\/ABC8904-18x12.jpg 18w\" sizes=\"auto, (max-width: 1024px) 100vw, 1024px\" \/><\/figure>\n<\/figure>\n\n\n\n<p><strong>Mehr \u00fcber C\u00e9line: <\/strong><br><a href=\"https:\/\/www.celinesuremann.ch\/\" title=\"\">Website: C\u00e9line Suremann<\/a> &amp; <a href=\"https:\/\/www.instagram.com\/iamceline.s?utm_source=ig_web_button_share_sheet&amp;igsh=ZDNlZDc0MzIxNw==\" title=\"\">Instagram: @iamceline.s<\/a><\/p>\n\n\n\n<p><\/p>","protected":false},"excerpt":{"rendered":"<p>Dieser Abend ist eine Einladung, nach innen zu reisen. Durch Klang, Stimme und Stille entsteht ein Raum, in dem du dich mit dir selbst verbinden, dein Nervensystem beruhigen und tief entspannen darfst. Ein Abend zum Ankommen, Loslassen und Empfangen. Samstag, 18. April19:00 &#8211; 21:00 UhrStudio Kayana, Z\u00fcrichmit C\u00e9line Suremann &amp; Glenda Laila An diesem Abend <a class=\"read-more\" href=\"https:\/\/glendalaila.ch\/en\/chanting-circle-soundbath\/\">READ MORE<\/a><\/p>","protected":false},"author":1,"featured_media":0,"parent":0,"menu_order":0,"comment_status":"closed","ping_status":"closed","template":"","meta":{"_monsterinsights_skip_tracking":false,"_monsterinsights_sitenote_active":false,"_monsterinsights_sitenote_note":"","_monsterinsights_sitenote_category":0,"footnotes":""},"class_list":["post-7609","page","type-page","status-publish","hentry"],"aioseo_notices":[],"_links":{"self":[{"href":"https:\/\/glendalaila.ch\/en\/wp-json\/wp\/v2\/pages\/7609","targetHints":{"allow":["GET"]}}],"collection":[{"href":"https:\/\/glendalaila.ch\/en\/wp-json\/wp\/v2\/pages"}],"about":[{"href":"https:\/\/glendalaila.ch\/en\/wp-json\/wp\/v2\/types\/page"}],"author":[{"embeddable":true,"href":"https:\/\/glendalaila.ch\/en\/wp-json\/wp\/v2\/users\/1"}],"replies":[{"embeddable":true,"href":"https:\/\/glendalaila.ch\/en\/wp-json\/wp\/v2\/comments?post=7609"}],"version-history":[{"count":9,"href":"https:\/\/glendalaila.ch\/en\/wp-json\/wp\/v2\/pages\/7609\/revisions"}],"predecessor-version":[{"id":7739,"href":"https:\/\/glendalaila.ch\/en\/wp-json\/wp\/v2\/pages\/7609\/revisions\/7739"}],"wp:attachment":[{"href":"https:\/\/glendalaila.ch\/en\/wp-json\/wp\/v2\/media?parent=7609"}],"curies":[{"name":"wp","href":"https:\/\/api.w.org\/{rel}","templated":true}]}}