{"id":7634,"date":"2026-01-26T11:07:23","date_gmt":"2026-01-26T10:07:23","guid":{"rendered":"https:\/\/glendalaila.ch\/?page_id=7634"},"modified":"2026-03-09T15:23:52","modified_gmt":"2026-03-09T14:23:52","slug":"adventsruhe","status":"publish","type":"page","link":"https:\/\/glendalaila.ch\/en\/adventsruhe\/","title":{"rendered":"Adventsruhe: Yin Yoga &amp; Live Musik"},"content":{"rendered":"<p class=\"has-text-align-center\"><strong>Sonntag, 29. November<\/strong><br>17:00 &#8211; 19:00 Uhr<br>in Thalwil, Mala Yoga<br><em>mit Dina De Paola &amp; Glenda Laila<\/em><br>CHF 65.- (mit Mala Yoga Abo 55.-)<\/p>\n\n\n<div class=\"wp-block-image\">\n<figure class=\"aligncenter size-large is-resized\"><img loading=\"lazy\" decoding=\"async\" width=\"1024\" height=\"680\" src=\"https:\/\/glendalaila.ch\/wp-content\/uploads\/2026\/03\/Erster_Advent_brennende_Kerze_01122013_222-1024x680.jpg\" alt=\"\" class=\"wp-image-7801\" style=\"width:550px;height:auto\" srcset=\"https:\/\/glendalaila.ch\/wp-content\/uploads\/2026\/03\/Erster_Advent_brennende_Kerze_01122013_222-1024x680.jpg 1024w, https:\/\/glendalaila.ch\/wp-content\/uploads\/2026\/03\/Erster_Advent_brennende_Kerze_01122013_222-300x199.jpg 300w, https:\/\/glendalaila.ch\/wp-content\/uploads\/2026\/03\/Erster_Advent_brennende_Kerze_01122013_222-768x510.jpg 768w, https:\/\/glendalaila.ch\/wp-content\/uploads\/2026\/03\/Erster_Advent_brennende_Kerze_01122013_222-1536x1021.jpg 1536w, https:\/\/glendalaila.ch\/wp-content\/uploads\/2026\/03\/Erster_Advent_brennende_Kerze_01122013_222-2048x1361.jpg 2048w, https:\/\/glendalaila.ch\/wp-content\/uploads\/2026\/03\/Erster_Advent_brennende_Kerze_01122013_222-18x12.jpg 18w\" sizes=\"auto, (max-width: 1024px) 100vw, 1024px\" \/><\/figure>\n<\/div>\n\n\n<p>Diese Yin Yoga Sequenz schenkt dir viel Ruhe und Frieden \u2013 ein sanfter Einstieg in die Adventszeit. Die passiven, l\u00e4nger gehaltenen Dehnungen wirken tief im Faszien- und Nervensystem, laden zum Loslassen ein und schaffen Raum f\u00fcr Regeneration. W\u00e4hrend du immer tiefer in deinen K\u00f6rper sinkst, begleitet dich die warme und einzigartige Stimme von <a href=\"https:\/\/glendalaila.ch\/en\/\" target=\"_blank\" rel=\"noreferrer noopener\">Glenda Laila<\/a>. Ihr intuitiver Gesang ist achtsam, ber\u00fchrend und voller Sanftheit. Klang und Stille wechseln sich ab, tragen dich durch die Praxis und unterst\u00fctzen dich dabei, noch weiter zu entspannen<\/p>\n\n\n\n<p>Die Yin Yoga Praxis schenkt dir Zeit zum Sp\u00fcren, Atmen und Sein \u2013 eine Einladung, langsamer zu werden und dich innerlich auf die stille Qualit\u00e4t des Advents einzustimmen. Den Abschluss bildet eine gef\u00fchrte Yoga Nidra Tiefenentspannung, in der K\u00f6rper und Geist vollst\u00e4ndig loslassen d\u00fcrfen und du gen\u00e4hrt und zentriert in den Abend gehst.<\/p>\n\n\n\n<div class=\"wp-block-buttons is-content-justification-center is-layout-flex wp-container-core-buttons-is-layout-16018d1d wp-block-buttons-is-layout-flex\">\n<div class=\"wp-block-button\"><a class=\"wp-block-button__link has-text-color has-background has-link-color wp-element-button\" href=\"https:\/\/malayoga.ch\/yoga-workshops\/\" style=\"color:#002b54;background-color:#cb9763\"><strong>Hier buchen<\/strong><\/a><\/div>\n<\/div>","protected":false},"excerpt":{"rendered":"<p>Sonntag, 29. November17:00 &#8211; 19:00 Uhrin Thalwil, Mala Yogamit Dina De Paola &amp; Glenda LailaCHF 65.- (mit Mala Yoga Abo 55.-) Diese Yin Yoga Sequenz schenkt dir viel Ruhe und Frieden \u2013 ein sanfter Einstieg in die Adventszeit. Die passiven, l\u00e4nger gehaltenen Dehnungen wirken tief im Faszien- und Nervensystem, laden zum Loslassen ein und schaffen <a class=\"read-more\" href=\"https:\/\/glendalaila.ch\/en\/adventsruhe\/\">READ MORE<\/a><\/p>","protected":false},"author":1,"featured_media":0,"parent":0,"menu_order":0,"comment_status":"closed","ping_status":"closed","template":"","meta":{"_monsterinsights_skip_tracking":false,"_monsterinsights_sitenote_active":false,"_monsterinsights_sitenote_note":"","_monsterinsights_sitenote_category":0,"footnotes":""},"class_list":["post-7634","page","type-page","status-publish","hentry"],"aioseo_notices":[],"_links":{"self":[{"href":"https:\/\/glendalaila.ch\/en\/wp-json\/wp\/v2\/pages\/7634","targetHints":{"allow":["GET"]}}],"collection":[{"href":"https:\/\/glendalaila.ch\/en\/wp-json\/wp\/v2\/pages"}],"about":[{"href":"https:\/\/glendalaila.ch\/en\/wp-json\/wp\/v2\/types\/page"}],"author":[{"embeddable":true,"href":"https:\/\/glendalaila.ch\/en\/wp-json\/wp\/v2\/users\/1"}],"replies":[{"embeddable":true,"href":"https:\/\/glendalaila.ch\/en\/wp-json\/wp\/v2\/comments?post=7634"}],"version-history":[{"count":7,"href":"https:\/\/glendalaila.ch\/en\/wp-json\/wp\/v2\/pages\/7634\/revisions"}],"predecessor-version":[{"id":7807,"href":"https:\/\/glendalaila.ch\/en\/wp-json\/wp\/v2\/pages\/7634\/revisions\/7807"}],"wp:attachment":[{"href":"https:\/\/glendalaila.ch\/en\/wp-json\/wp\/v2\/media?parent=7634"}],"curies":[{"name":"wp","href":"https:\/\/api.w.org\/{rel}","templated":true}]}}